{"id":7922,"date":"2023-02-14T16:24:18","date_gmt":"2023-02-14T15:24:18","guid":{"rendered":"https:\/\/stage.vulcanolindenhof.de\/?post_type=product&#038;p=7922"},"modified":"2024-05-25T13:40:50","modified_gmt":"2024-05-25T11:40:50","slug":"vulcano-kuschel-weekend","status":"publish","type":"product","link":"https:\/\/stage.vulcanolindenhof.de\/en\/produkt\/vulcano-kuschel-weekend\/","title":{"rendered":"Vulcano Kuschel-Wochenende"},"content":{"rendered":"<h4>F\u00fcr Romantiker. F\u00fcr Verliebte. F\u00fcr Genie\u00dfer.<br \/>\nBei uns ist immer Wochenende. Zeit f\u00fcr Zweisamkeit. Zeit f\u00fcr Entspannung. Zeit f\u00fcr Genuss.<\/h4>\n<p><strong>Leistungen f\u00fcr 2 Personen<\/strong><\/p>\n<ul>\n<li class=\"li1\"><span data-fusion-font=\"true\">2 x erholsamer Schlaf im Lieblingszimmer<\/span><\/li>\n<li class=\"li1\"><span data-fusion-font=\"true\">1 x Flasche Rieslingsekt auf Eis bei Anreise im Zimmer<br \/>\n<\/span><\/li>\n<li class=\"li1\"><span data-fusion-font=\"true\">Schokoladentr\u00fcffel und Fr\u00fcchte bei Anreise im Zimmer<\/span><\/li>\n<li class=\"li1\"><span data-fusion-font=\"true\">2 x Fr\u00fchst\u00fcck vom Buffet. Brot und Br\u00f6tchen aus der Traditionsb\u00e4ckerei, Wurst, K\u00e4se und Schinken, Bio-Ei, M\u00fcslis, Marmeladen und viele weitere Leckereien<\/span><\/li>\n<li class=\"li1\"><span data-fusion-font=\"true\">2 x romantisches Abendessen mit Tapas f\u00fcr zwei, Hauptgang und Dessert<br \/>\n<\/span><\/li>\n<li class=\"li1\"><span data-fusion-font=\"true\">2 x eine Flasche feinen Moselwein zum Abendessen<\/span><\/li>\n<li class=\"li1\"><span data-fusion-font=\"true\">Saunat\u00fccher, Bademantel und Hotelpantoffel f\u00fcr Pool und Sauna<\/span><\/li>\n<\/ul>\n<p>&nbsp;<\/p>\n<p><span style=\"color: #800000;\"><a style=\"color: #800000;\" href=\"https:\/\/stage.vulcanolindenhof.de\/gutschein-faq\/\" target=\"_blank\" rel=\"noopener\">H\u00e4ufig gestellte Fragen zu unseren Gutscheinen.<\/a><\/span><\/p>\n","protected":false},"excerpt":{"rendered":"<p>F\u00fcr Romantiker. F\u00fcr Verliebte. F\u00fcr Genie\u00dfer. Bei uns ist immer  [&#8230;]<\/p>\n","protected":false},"featured_media":8041,"template":"","meta":[],"product_brand":[],"product_cat":[66],"product_tag":[],"class_list":{"0":"post-7922","1":"product","2":"type-product","3":"status-publish","4":"has-post-thumbnail","6":"product_cat-gutscheine","8":"first","9":"instock","10":"taxable","11":"shipping-taxable","12":"purchasable","13":"product-type-variable"},"yoast_head":"<!-- This site is optimized with the Yoast SEO plugin v27.4 - https:\/\/yoast.com\/product\/yoast-seo-wordpress\/ -->\n<title>Vulcano Kuschel-Wochenende - Vulcano Lindenhof | Wittlich<\/title>\n<meta name=\"robots\" content=\"noindex, follow, max-snippet:-1, max-image-preview:large, max-video-preview:-1\" \/>\n<meta property=\"og:locale\" content=\"en_US\" \/>\n<meta property=\"og:type\" content=\"article\" \/>\n<meta property=\"og:title\" content=\"Vulcano Kuschel-Wochenende - Vulcano Lindenhof | Wittlich\" \/>\n<meta property=\"og:description\" content=\"F\u00fcr Romantiker. F\u00fcr Verliebte. F\u00fcr Genie\u00dfer. Bei uns ist immer [...]\" \/>\n<meta property=\"og:url\" content=\"https:\/\/stage.vulcanolindenhof.de\/produkt\/vulcano-kuschel-weekend\/\" \/>\n<meta property=\"og:site_name\" content=\"Vulcano Lindenhof | Wittlich\" \/>\n<meta property=\"article:modified_time\" content=\"2024-05-25T11:40:50+00:00\" \/>\n<meta property=\"og:image\" content=\"https:\/\/stage.vulcanolindenhof.de\/wp-content\/uploads\/2023\/02\/Kuschel-Weekend-1.png\" \/>\n\t<meta property=\"og:image:width\" content=\"562\" \/>\n\t<meta property=\"og:image:height\" content=\"562\" \/>\n\t<meta property=\"og:image:type\" content=\"image\/png\" \/>\n<meta name=\"twitter:card\" content=\"summary_large_image\" \/>\n<meta name=\"twitter:label1\" content=\"Est. reading time\" \/>\n\t<meta name=\"twitter:data1\" content=\"1 minute\" \/>\n<script type=\"application\/ld+json\" class=\"yoast-schema-graph\">{\"@context\":\"https:\\\/\\\/schema.org\",\"@graph\":[{\"@type\":\"WebPage\",\"@id\":\"https:\\\/\\\/stage.vulcanolindenhof.de\\\/produkt\\\/vulcano-kuschel-weekend\\\/\",\"url\":\"https:\\\/\\\/stage.vulcanolindenhof.de\\\/produkt\\\/vulcano-kuschel-weekend\\\/\",\"name\":\"Vulcano Kuschel-Wochenende - Vulcano Lindenhof | Wittlich\",\"isPartOf\":{\"@id\":\"https:\\\/\\\/stage.vulcanolindenhof.de\\\/#website\"},\"primaryImageOfPage\":{\"@id\":\"https:\\\/\\\/stage.vulcanolindenhof.de\\\/produkt\\\/vulcano-kuschel-weekend\\\/#primaryimage\"},\"image\":{\"@id\":\"https:\\\/\\\/stage.vulcanolindenhof.de\\\/produkt\\\/vulcano-kuschel-weekend\\\/#primaryimage\"},\"thumbnailUrl\":\"https:\\\/\\\/stage.vulcanolindenhof.de\\\/wp-content\\\/uploads\\\/2023\\\/02\\\/Kuschel-Weekend-1.png\",\"datePublished\":\"2023-02-14T15:24:18+00:00\",\"dateModified\":\"2024-05-25T11:40:50+00:00\",\"breadcrumb\":{\"@id\":\"https:\\\/\\\/stage.vulcanolindenhof.de\\\/produkt\\\/vulcano-kuschel-weekend\\\/#breadcrumb\"},\"inLanguage\":\"en-US\",\"potentialAction\":[{\"@type\":\"ReadAction\",\"target\":[\"https:\\\/\\\/stage.vulcanolindenhof.de\\\/produkt\\\/vulcano-kuschel-weekend\\\/\"]}]},{\"@type\":\"ImageObject\",\"inLanguage\":\"en-US\",\"@id\":\"https:\\\/\\\/stage.vulcanolindenhof.de\\\/produkt\\\/vulcano-kuschel-weekend\\\/#primaryimage\",\"url\":\"https:\\\/\\\/stage.vulcanolindenhof.de\\\/wp-content\\\/uploads\\\/2023\\\/02\\\/Kuschel-Weekend-1.png\",\"contentUrl\":\"https:\\\/\\\/stage.vulcanolindenhof.de\\\/wp-content\\\/uploads\\\/2023\\\/02\\\/Kuschel-Weekend-1.png\",\"width\":562,\"height\":562},{\"@type\":\"BreadcrumbList\",\"@id\":\"https:\\\/\\\/stage.vulcanolindenhof.de\\\/produkt\\\/vulcano-kuschel-weekend\\\/#breadcrumb\",\"itemListElement\":[{\"@type\":\"ListItem\",\"position\":1,\"name\":\"Startseite\",\"item\":\"https:\\\/\\\/stage.vulcanolindenhof.de\\\/en\\\/homepage\\\/\"},{\"@type\":\"ListItem\",\"position\":2,\"name\":\"Shop\",\"item\":\"https:\\\/\\\/stage.vulcanolindenhof.de\\\/shop\\\/\"},{\"@type\":\"ListItem\",\"position\":3,\"name\":\"Vulcano Kuschel-Wochenende\"}]},{\"@type\":\"WebSite\",\"@id\":\"https:\\\/\\\/stage.vulcanolindenhof.de\\\/#website\",\"url\":\"https:\\\/\\\/stage.vulcanolindenhof.de\\\/\",\"name\":\"Vulcano Lindenhof | Wittlich\",\"description\":\"Gesundheit \\\/ Wellness \\\/ Wohlbefinden\",\"potentialAction\":[{\"@type\":\"SearchAction\",\"target\":{\"@type\":\"EntryPoint\",\"urlTemplate\":\"https:\\\/\\\/stage.vulcanolindenhof.de\\\/?s={search_term_string}\"},\"query-input\":{\"@type\":\"PropertyValueSpecification\",\"valueRequired\":true,\"valueName\":\"search_term_string\"}}],\"inLanguage\":\"en-US\"}]}<\/script>\n<!-- \/ Yoast SEO plugin. -->","yoast_head_json":{"title":"Vulcano Kuschel-Wochenende - Vulcano Lindenhof | Wittlich","robots":{"index":"noindex","follow":"follow","max-snippet":"max-snippet:-1","max-image-preview":"max-image-preview:large","max-video-preview":"max-video-preview:-1"},"og_locale":"en_US","og_type":"article","og_title":"Vulcano Kuschel-Wochenende - Vulcano Lindenhof | Wittlich","og_description":"F\u00fcr Romantiker. F\u00fcr Verliebte. F\u00fcr Genie\u00dfer. Bei uns ist immer [...]","og_url":"https:\/\/stage.vulcanolindenhof.de\/produkt\/vulcano-kuschel-weekend\/","og_site_name":"Vulcano Lindenhof | Wittlich","article_modified_time":"2024-05-25T11:40:50+00:00","og_image":[{"width":562,"height":562,"url":"https:\/\/stage.vulcanolindenhof.de\/wp-content\/uploads\/2023\/02\/Kuschel-Weekend-1.png","type":"image\/png"}],"twitter_card":"summary_large_image","twitter_misc":{"Est. reading time":"1 minute"},"schema":{"@context":"https:\/\/schema.org","@graph":[{"@type":"WebPage","@id":"https:\/\/stage.vulcanolindenhof.de\/produkt\/vulcano-kuschel-weekend\/","url":"https:\/\/stage.vulcanolindenhof.de\/produkt\/vulcano-kuschel-weekend\/","name":"Vulcano Kuschel-Wochenende - Vulcano Lindenhof | Wittlich","isPartOf":{"@id":"https:\/\/stage.vulcanolindenhof.de\/#website"},"primaryImageOfPage":{"@id":"https:\/\/stage.vulcanolindenhof.de\/produkt\/vulcano-kuschel-weekend\/#primaryimage"},"image":{"@id":"https:\/\/stage.vulcanolindenhof.de\/produkt\/vulcano-kuschel-weekend\/#primaryimage"},"thumbnailUrl":"https:\/\/stage.vulcanolindenhof.de\/wp-content\/uploads\/2023\/02\/Kuschel-Weekend-1.png","datePublished":"2023-02-14T15:24:18+00:00","dateModified":"2024-05-25T11:40:50+00:00","breadcrumb":{"@id":"https:\/\/stage.vulcanolindenhof.de\/produkt\/vulcano-kuschel-weekend\/#breadcrumb"},"inLanguage":"en-US","potentialAction":[{"@type":"ReadAction","target":["https:\/\/stage.vulcanolindenhof.de\/produkt\/vulcano-kuschel-weekend\/"]}]},{"@type":"ImageObject","inLanguage":"en-US","@id":"https:\/\/stage.vulcanolindenhof.de\/produkt\/vulcano-kuschel-weekend\/#primaryimage","url":"https:\/\/stage.vulcanolindenhof.de\/wp-content\/uploads\/2023\/02\/Kuschel-Weekend-1.png","contentUrl":"https:\/\/stage.vulcanolindenhof.de\/wp-content\/uploads\/2023\/02\/Kuschel-Weekend-1.png","width":562,"height":562},{"@type":"BreadcrumbList","@id":"https:\/\/stage.vulcanolindenhof.de\/produkt\/vulcano-kuschel-weekend\/#breadcrumb","itemListElement":[{"@type":"ListItem","position":1,"name":"Startseite","item":"https:\/\/stage.vulcanolindenhof.de\/en\/homepage\/"},{"@type":"ListItem","position":2,"name":"Shop","item":"https:\/\/stage.vulcanolindenhof.de\/shop\/"},{"@type":"ListItem","position":3,"name":"Vulcano Kuschel-Wochenende"}]},{"@type":"WebSite","@id":"https:\/\/stage.vulcanolindenhof.de\/#website","url":"https:\/\/stage.vulcanolindenhof.de\/","name":"Vulcano Lindenhof | Wittlich","description":"Gesundheit \/ Wellness \/ Wohlbefinden","potentialAction":[{"@type":"SearchAction","target":{"@type":"EntryPoint","urlTemplate":"https:\/\/stage.vulcanolindenhof.de\/?s={search_term_string}"},"query-input":{"@type":"PropertyValueSpecification","valueRequired":true,"valueName":"search_term_string"}}],"inLanguage":"en-US"}]}},"_links":{"self":[{"href":"https:\/\/stage.vulcanolindenhof.de\/en\/wp-json\/wp\/v2\/product\/7922","targetHints":{"allow":["GET"]}}],"collection":[{"href":"https:\/\/stage.vulcanolindenhof.de\/en\/wp-json\/wp\/v2\/product"}],"about":[{"href":"https:\/\/stage.vulcanolindenhof.de\/en\/wp-json\/wp\/v2\/types\/product"}],"wp:featuredmedia":[{"embeddable":true,"href":"https:\/\/stage.vulcanolindenhof.de\/en\/wp-json\/wp\/v2\/media\/8041"}],"wp:attachment":[{"href":"https:\/\/stage.vulcanolindenhof.de\/en\/wp-json\/wp\/v2\/media?parent=7922"}],"wp:term":[{"taxonomy":"product_brand","embeddable":true,"href":"https:\/\/stage.vulcanolindenhof.de\/en\/wp-json\/wp\/v2\/product_brand?post=7922"},{"taxonomy":"product_cat","embeddable":true,"href":"https:\/\/stage.vulcanolindenhof.de\/en\/wp-json\/wp\/v2\/product_cat?post=7922"},{"taxonomy":"product_tag","embeddable":true,"href":"https:\/\/stage.vulcanolindenhof.de\/en\/wp-json\/wp\/v2\/product_tag?post=7922"}],"curies":[{"name":"wp","href":"https:\/\/api.w.org\/{rel}","templated":true}]}}