{"id":8021,"date":"2023-02-14T16:26:15","date_gmt":"2023-02-14T15:26:15","guid":{"rendered":"https:\/\/stage.vulcanolindenhof.de\/?post_type=product&#038;p=8021"},"modified":"2024-05-25T13:36:25","modified_gmt":"2024-05-25T11:36:25","slug":"zeit-fuer-mich","status":"publish","type":"product","link":"https:\/\/stage.vulcanolindenhof.de\/en\/produkt\/zeit-fuer-mich\/","title":{"rendered":"Zeit f\u00fcr mich"},"content":{"rendered":"<p><strong>Zur Ruhe kommen. Kraft sammeln. Vitalisieren. Die Seele baumeln lassen. Einfach Ich sein. In der Natur. Mit sich selbst. Mit Partner oder Freunden. Falls gew\u00fcnscht. Magische Orte. Unglaubliche Ausblicke. Wundersch\u00f6ne Landschaften.<\/strong><\/p>\n<p><strong>Leistungen f\u00fcr 2 Personen<\/strong><\/p>\n<ul>\n<li class=\"li1\"><span data-fusion-font=\"true\">3 x erholsamer Schlaf im Lieblingszimmer<\/span><\/li>\n<li class=\"li1\"><span data-fusion-font=\"true\">3 x Fr\u00fchst\u00fcck vom Buffet. Brot und Br\u00f6tchen aus der Traditionsb\u00e4ckerei, Wurst, K\u00e4se und Schinken, Bio-Ei, M\u00fcslis, Marmeladen und viele weitere Leckereien<\/span><\/li>\n<li class=\"li1\"><span data-fusion-font=\"true\">3 x Vital-Snack am Mittag oder Nachmittag, vegan oder vegetarisch<\/span><\/li>\n<li class=\"li1\"><span data-fusion-font=\"true\">3 x leckeres und gesundes Abendessen: 2-Gang-Menu mit kleiner Vorspeise und Hauptgang zur Wahl, auf Wunsch vegan, vegetarisch oder klassisch<\/span><\/li>\n<li class=\"li1\"><span data-fusion-font=\"true\">1x Harmonie-Massage mit wertvollen Aroma-\u00d6len, 45 Minuten<\/span><\/li>\n<li class=\"li1\">Saunat\u00fccher, Bademantel und Hotelpantoffel f\u00fcr Pool und Sauna<\/li>\n<li class=\"li1\"><span data-fusion-font=\"true\">Teestation im Zimmer<\/span><\/li>\n<\/ul>\n<p>&nbsp;<\/p>\n<p><span style=\"color: #800000;\"><a style=\"color: #800000;\" href=\"https:\/\/stage.vulcanolindenhof.de\/gutschein-faq\/\" target=\"_blank\" rel=\"noopener\">H\u00e4ufig gestellte Fragen zu unseren Gutscheinen.<\/a><\/span><\/p>\n","protected":false},"excerpt":{"rendered":"<p>Zur Ruhe kommen. Kraft sammeln. Vitalisieren. Die Seele baumeln lassen.  [&#8230;]<\/p>\n","protected":false},"featured_media":8132,"template":"","meta":[],"product_brand":[],"product_cat":[66],"product_tag":[],"class_list":{"0":"post-8021","1":"product","2":"type-product","3":"status-publish","4":"has-post-thumbnail","6":"product_cat-gutscheine","8":"first","9":"instock","10":"taxable","11":"shipping-taxable","12":"purchasable","13":"product-type-variable"},"yoast_head":"<!-- This site is optimized with the Yoast SEO plugin v27.4 - https:\/\/yoast.com\/product\/yoast-seo-wordpress\/ -->\n<title>Zeit f\u00fcr mich - Vulcano Lindenhof | Wittlich<\/title>\n<meta name=\"robots\" content=\"noindex, follow, max-snippet:-1, max-image-preview:large, max-video-preview:-1\" \/>\n<meta property=\"og:locale\" content=\"en_US\" \/>\n<meta property=\"og:type\" content=\"article\" \/>\n<meta property=\"og:title\" content=\"Zeit f\u00fcr mich - Vulcano Lindenhof | Wittlich\" \/>\n<meta property=\"og:description\" content=\"Zur Ruhe kommen. Kraft sammeln. Vitalisieren. Die Seele baumeln lassen. [...]\" \/>\n<meta property=\"og:url\" content=\"https:\/\/stage.vulcanolindenhof.de\/produkt\/zeit-fuer-mich\/\" \/>\n<meta property=\"og:site_name\" content=\"Vulcano Lindenhof | Wittlich\" \/>\n<meta property=\"article:modified_time\" content=\"2024-05-25T11:36:25+00:00\" \/>\n<meta property=\"og:image\" content=\"https:\/\/stage.vulcanolindenhof.de\/wp-content\/uploads\/2023\/02\/Sans-titre-2.png\" \/>\n\t<meta property=\"og:image:width\" content=\"1080\" \/>\n\t<meta property=\"og:image:height\" content=\"1080\" \/>\n\t<meta property=\"og:image:type\" content=\"image\/png\" \/>\n<meta name=\"twitter:card\" content=\"summary_large_image\" \/>\n<meta name=\"twitter:label1\" content=\"Est. reading time\" \/>\n\t<meta name=\"twitter:data1\" content=\"1 minute\" \/>\n<script type=\"application\/ld+json\" class=\"yoast-schema-graph\">{\"@context\":\"https:\\\/\\\/schema.org\",\"@graph\":[{\"@type\":\"WebPage\",\"@id\":\"https:\\\/\\\/stage.vulcanolindenhof.de\\\/produkt\\\/zeit-fuer-mich\\\/\",\"url\":\"https:\\\/\\\/stage.vulcanolindenhof.de\\\/produkt\\\/zeit-fuer-mich\\\/\",\"name\":\"Zeit f\u00fcr mich - Vulcano Lindenhof | Wittlich\",\"isPartOf\":{\"@id\":\"https:\\\/\\\/stage.vulcanolindenhof.de\\\/#website\"},\"primaryImageOfPage\":{\"@id\":\"https:\\\/\\\/stage.vulcanolindenhof.de\\\/produkt\\\/zeit-fuer-mich\\\/#primaryimage\"},\"image\":{\"@id\":\"https:\\\/\\\/stage.vulcanolindenhof.de\\\/produkt\\\/zeit-fuer-mich\\\/#primaryimage\"},\"thumbnailUrl\":\"https:\\\/\\\/stage.vulcanolindenhof.de\\\/wp-content\\\/uploads\\\/2023\\\/02\\\/Sans-titre-2.png\",\"datePublished\":\"2023-02-14T15:26:15+00:00\",\"dateModified\":\"2024-05-25T11:36:25+00:00\",\"breadcrumb\":{\"@id\":\"https:\\\/\\\/stage.vulcanolindenhof.de\\\/produkt\\\/zeit-fuer-mich\\\/#breadcrumb\"},\"inLanguage\":\"en-US\",\"potentialAction\":[{\"@type\":\"ReadAction\",\"target\":[\"https:\\\/\\\/stage.vulcanolindenhof.de\\\/produkt\\\/zeit-fuer-mich\\\/\"]}]},{\"@type\":\"ImageObject\",\"inLanguage\":\"en-US\",\"@id\":\"https:\\\/\\\/stage.vulcanolindenhof.de\\\/produkt\\\/zeit-fuer-mich\\\/#primaryimage\",\"url\":\"https:\\\/\\\/stage.vulcanolindenhof.de\\\/wp-content\\\/uploads\\\/2023\\\/02\\\/Sans-titre-2.png\",\"contentUrl\":\"https:\\\/\\\/stage.vulcanolindenhof.de\\\/wp-content\\\/uploads\\\/2023\\\/02\\\/Sans-titre-2.png\",\"width\":1080,\"height\":1080},{\"@type\":\"BreadcrumbList\",\"@id\":\"https:\\\/\\\/stage.vulcanolindenhof.de\\\/produkt\\\/zeit-fuer-mich\\\/#breadcrumb\",\"itemListElement\":[{\"@type\":\"ListItem\",\"position\":1,\"name\":\"Startseite\",\"item\":\"https:\\\/\\\/stage.vulcanolindenhof.de\\\/en\\\/homepage\\\/\"},{\"@type\":\"ListItem\",\"position\":2,\"name\":\"Shop\",\"item\":\"https:\\\/\\\/stage.vulcanolindenhof.de\\\/shop\\\/\"},{\"@type\":\"ListItem\",\"position\":3,\"name\":\"Zeit f\u00fcr mich\"}]},{\"@type\":\"WebSite\",\"@id\":\"https:\\\/\\\/stage.vulcanolindenhof.de\\\/#website\",\"url\":\"https:\\\/\\\/stage.vulcanolindenhof.de\\\/\",\"name\":\"Vulcano Lindenhof | Wittlich\",\"description\":\"Gesundheit \\\/ Wellness \\\/ Wohlbefinden\",\"potentialAction\":[{\"@type\":\"SearchAction\",\"target\":{\"@type\":\"EntryPoint\",\"urlTemplate\":\"https:\\\/\\\/stage.vulcanolindenhof.de\\\/?s={search_term_string}\"},\"query-input\":{\"@type\":\"PropertyValueSpecification\",\"valueRequired\":true,\"valueName\":\"search_term_string\"}}],\"inLanguage\":\"en-US\"}]}<\/script>\n<!-- \/ Yoast SEO plugin. -->","yoast_head_json":{"title":"Zeit f\u00fcr mich - Vulcano Lindenhof | Wittlich","robots":{"index":"noindex","follow":"follow","max-snippet":"max-snippet:-1","max-image-preview":"max-image-preview:large","max-video-preview":"max-video-preview:-1"},"og_locale":"en_US","og_type":"article","og_title":"Zeit f\u00fcr mich - Vulcano Lindenhof | Wittlich","og_description":"Zur Ruhe kommen. Kraft sammeln. Vitalisieren. Die Seele baumeln lassen. [...]","og_url":"https:\/\/stage.vulcanolindenhof.de\/produkt\/zeit-fuer-mich\/","og_site_name":"Vulcano Lindenhof | Wittlich","article_modified_time":"2024-05-25T11:36:25+00:00","og_image":[{"width":1080,"height":1080,"url":"https:\/\/stage.vulcanolindenhof.de\/wp-content\/uploads\/2023\/02\/Sans-titre-2.png","type":"image\/png"}],"twitter_card":"summary_large_image","twitter_misc":{"Est. reading time":"1 minute"},"schema":{"@context":"https:\/\/schema.org","@graph":[{"@type":"WebPage","@id":"https:\/\/stage.vulcanolindenhof.de\/produkt\/zeit-fuer-mich\/","url":"https:\/\/stage.vulcanolindenhof.de\/produkt\/zeit-fuer-mich\/","name":"Zeit f\u00fcr mich - Vulcano Lindenhof | Wittlich","isPartOf":{"@id":"https:\/\/stage.vulcanolindenhof.de\/#website"},"primaryImageOfPage":{"@id":"https:\/\/stage.vulcanolindenhof.de\/produkt\/zeit-fuer-mich\/#primaryimage"},"image":{"@id":"https:\/\/stage.vulcanolindenhof.de\/produkt\/zeit-fuer-mich\/#primaryimage"},"thumbnailUrl":"https:\/\/stage.vulcanolindenhof.de\/wp-content\/uploads\/2023\/02\/Sans-titre-2.png","datePublished":"2023-02-14T15:26:15+00:00","dateModified":"2024-05-25T11:36:25+00:00","breadcrumb":{"@id":"https:\/\/stage.vulcanolindenhof.de\/produkt\/zeit-fuer-mich\/#breadcrumb"},"inLanguage":"en-US","potentialAction":[{"@type":"ReadAction","target":["https:\/\/stage.vulcanolindenhof.de\/produkt\/zeit-fuer-mich\/"]}]},{"@type":"ImageObject","inLanguage":"en-US","@id":"https:\/\/stage.vulcanolindenhof.de\/produkt\/zeit-fuer-mich\/#primaryimage","url":"https:\/\/stage.vulcanolindenhof.de\/wp-content\/uploads\/2023\/02\/Sans-titre-2.png","contentUrl":"https:\/\/stage.vulcanolindenhof.de\/wp-content\/uploads\/2023\/02\/Sans-titre-2.png","width":1080,"height":1080},{"@type":"BreadcrumbList","@id":"https:\/\/stage.vulcanolindenhof.de\/produkt\/zeit-fuer-mich\/#breadcrumb","itemListElement":[{"@type":"ListItem","position":1,"name":"Startseite","item":"https:\/\/stage.vulcanolindenhof.de\/en\/homepage\/"},{"@type":"ListItem","position":2,"name":"Shop","item":"https:\/\/stage.vulcanolindenhof.de\/shop\/"},{"@type":"ListItem","position":3,"name":"Zeit f\u00fcr mich"}]},{"@type":"WebSite","@id":"https:\/\/stage.vulcanolindenhof.de\/#website","url":"https:\/\/stage.vulcanolindenhof.de\/","name":"Vulcano Lindenhof | Wittlich","description":"Gesundheit \/ Wellness \/ Wohlbefinden","potentialAction":[{"@type":"SearchAction","target":{"@type":"EntryPoint","urlTemplate":"https:\/\/stage.vulcanolindenhof.de\/?s={search_term_string}"},"query-input":{"@type":"PropertyValueSpecification","valueRequired":true,"valueName":"search_term_string"}}],"inLanguage":"en-US"}]}},"_links":{"self":[{"href":"https:\/\/stage.vulcanolindenhof.de\/en\/wp-json\/wp\/v2\/product\/8021","targetHints":{"allow":["GET"]}}],"collection":[{"href":"https:\/\/stage.vulcanolindenhof.de\/en\/wp-json\/wp\/v2\/product"}],"about":[{"href":"https:\/\/stage.vulcanolindenhof.de\/en\/wp-json\/wp\/v2\/types\/product"}],"wp:featuredmedia":[{"embeddable":true,"href":"https:\/\/stage.vulcanolindenhof.de\/en\/wp-json\/wp\/v2\/media\/8132"}],"wp:attachment":[{"href":"https:\/\/stage.vulcanolindenhof.de\/en\/wp-json\/wp\/v2\/media?parent=8021"}],"wp:term":[{"taxonomy":"product_brand","embeddable":true,"href":"https:\/\/stage.vulcanolindenhof.de\/en\/wp-json\/wp\/v2\/product_brand?post=8021"},{"taxonomy":"product_cat","embeddable":true,"href":"https:\/\/stage.vulcanolindenhof.de\/en\/wp-json\/wp\/v2\/product_cat?post=8021"},{"taxonomy":"product_tag","embeddable":true,"href":"https:\/\/stage.vulcanolindenhof.de\/en\/wp-json\/wp\/v2\/product_tag?post=8021"}],"curies":[{"name":"wp","href":"https:\/\/api.w.org\/{rel}","templated":true}]}}