{"id":6559,"date":"2021-08-26T15:01:51","date_gmt":"2021-08-26T13:01:51","guid":{"rendered":"https:\/\/stage.vulcanolindenhof.de\/en-selle-et-pedaler\/"},"modified":"2024-02-28T08:36:04","modified_gmt":"2024-02-28T07:36:04","slug":"en-selle-et-pedaler","status":"publish","type":"page","link":"https:\/\/stage.vulcanolindenhof.de\/fr\/en-selle-et-pedaler\/","title":{"rendered":"EN SELLE ET P\u00c9DALER"},"content":{"rendered":"<p><div class=\"fusion-fullwidth fullwidth-box fusion-builder-row-1 fusion-flex-container nonhundred-percent-fullwidth non-hundred-percent-height-scrolling\" style=\"--awb-border-radius-top-left:0px;--awb-border-radius-top-right:0px;--awb-border-radius-bottom-right:0px;--awb-border-radius-bottom-left:0px;--awb-margin-bottom:30px;--awb-flex-wrap:wrap;\" ><div class=\"fusion-builder-row fusion-row fusion-flex-align-items-flex-start fusion-flex-content-wrap\" style=\"max-width:1248px;margin-left: calc(-4% \/ 2 );margin-right: calc(-4% \/ 2 );\"><div class=\"fusion-layout-column fusion_builder_column fusion-builder-column-0 fusion_builder_column_1_1 1_1 fusion-flex-column\" style=\"--awb-bg-size:cover;--awb-width-large:100%;--awb-margin-top-large:0px;--awb-spacing-right-large:1.92%;--awb-margin-bottom-large:20px;--awb-spacing-left-large:1.92%;--awb-width-medium:100%;--awb-order-medium:0;--awb-spacing-right-medium:1.92%;--awb-spacing-left-medium:1.92%;--awb-width-small:100%;--awb-order-small:0;--awb-spacing-right-small:1.92%;--awb-spacing-left-small:1.92%;\"><div class=\"fusion-column-wrapper fusion-column-has-shadow fusion-flex-justify-content-flex-start fusion-content-layout-column\"><div class=\"fusion-text fusion-text-1\"><h1 style=\"text-align: center;\">EN SELLE ET P\u00c9DALER<\/h1>\n<\/div><div class=\"fusion-separator\" style=\"align-self: center;margin-left: auto;margin-right: auto;width:100%;max-width:50px;\"><div class=\"fusion-separator-border sep-single sep-solid\" style=\"--awb-height:20px;--awb-amount:20px;--awb-sep-color:#a23542;border-color:#a23542;border-top-width:1px;\"><\/div><\/div><div class=\"fusion-text fusion-text-2\" style=\"--awb-margin-top:20px;\"><p style=\"text-align: justify;\">De mani\u00e8re sportive ou confortable. Au gr\u00e9 de vos envies. Piste cyclable, chemin de terre ou chemin forestier. Quelques-unes des plus belles pistes cyclables d&rsquo;Allemagne directement devant la porte. Des chemins vari\u00e9s. Des pistes incroyables. Facile ou difficile. Roulez seul, \u00e0 deux ou en groupe. En VTT, en v\u00e9lo de randonn\u00e9e ou en e-bike.<br \/>\nFaire du v\u00e9lo dans la Moselle Eifel : pour l&rsquo;\u00e2me et pour les sens. \u00c0 votre rythme. Et le soir, un bon repas et du bon vin. C&rsquo;est tout ce qu&rsquo;il faut.<\/p>\n<\/div><\/div><\/div><\/div><\/div><div class=\"fusion-fullwidth fullwidth-box fusion-builder-row-2 fusion-flex-container nonhundred-percent-fullwidth non-hundred-percent-height-scrolling\" style=\"--awb-border-radius-top-left:0px;--awb-border-radius-top-right:0px;--awb-border-radius-bottom-right:0px;--awb-border-radius-bottom-left:0px;--awb-flex-wrap:wrap;\" ><div class=\"fusion-builder-row fusion-row fusion-flex-align-items-flex-start fusion-flex-content-wrap\" style=\"max-width:1248px;margin-left: calc(-4% \/ 2 );margin-right: calc(-4% \/ 2 );\"><div class=\"fusion-layout-column fusion_builder_column fusion-builder-column-1 fusion_builder_column_1_2 1_2 fusion-flex-column\" style=\"--awb-bg-size:cover;--awb-width-large:50%;--awb-margin-top-large:0px;--awb-spacing-right-large:3.84%;--awb-margin-bottom-large:20px;--awb-spacing-left-large:3.84%;--awb-width-medium:50%;--awb-order-medium:0;--awb-spacing-right-medium:3.84%;--awb-spacing-left-medium:3.84%;--awb-width-small:100%;--awb-order-small:0;--awb-spacing-right-small:1.92%;--awb-spacing-left-small:1.92%;\"><div class=\"fusion-column-wrapper fusion-column-has-shadow fusion-flex-justify-content-flex-start fusion-content-layout-column\"><div class=\"fusion-slider-sc\"><div class=\"fusion-flexslider-loading flexslider flexslider-hover-type-none\" data-slideshow_autoplay=\"1\" data-slideshow_smooth_height=\"0\" data-slideshow_speed=\"7000\" style=\"max-width:100%;height:100%;\"><ul class=\"slides\"><li class=\"image\"><span class=\"fusion-image-hover-element hover-type-none\"><img decoding=\"async\" src=\"https:\/\/stage.vulcanolindenhof.de\/wp-content\/uploads\/2021\/08\/to-go-biking-2520007_1920.jpg\" width=\"1920\" height=\"1280\" class=\"wp-image-2211\" srcset=\"https:\/\/stage.vulcanolindenhof.de\/wp-content\/uploads\/2021\/08\/to-go-biking-2520007_1920-200x133.jpg 200w, https:\/\/stage.vulcanolindenhof.de\/wp-content\/uploads\/2021\/08\/to-go-biking-2520007_1920-400x267.jpg 400w, https:\/\/stage.vulcanolindenhof.de\/wp-content\/uploads\/2021\/08\/to-go-biking-2520007_1920-600x400.jpg 600w, https:\/\/stage.vulcanolindenhof.de\/wp-content\/uploads\/2021\/08\/to-go-biking-2520007_1920-800x533.jpg 800w, https:\/\/stage.vulcanolindenhof.de\/wp-content\/uploads\/2021\/08\/to-go-biking-2520007_1920-1200x800.jpg 1200w, https:\/\/stage.vulcanolindenhof.de\/wp-content\/uploads\/2021\/08\/to-go-biking-2520007_1920.jpg 1920w\" sizes=\"(max-width: 640px) 100vw, 600px\" \/><\/span><\/li><li class=\"image\"><span class=\"fusion-image-hover-element hover-type-none\"><img decoding=\"async\" src=\"https:\/\/stage.vulcanolindenhof.de\/wp-content\/uploads\/2021\/08\/classic-touren-vulkaneifel.4_l.png\" width=\"562\" height=\"375\" class=\"wp-image-2273\" srcset=\"https:\/\/stage.vulcanolindenhof.de\/wp-content\/uploads\/2021\/08\/classic-touren-vulkaneifel.4_l-200x133.png 200w, https:\/\/stage.vulcanolindenhof.de\/wp-content\/uploads\/2021\/08\/classic-touren-vulkaneifel.4_l-400x267.png 400w, https:\/\/stage.vulcanolindenhof.de\/wp-content\/uploads\/2021\/08\/classic-touren-vulkaneifel.4_l.png 562w\" sizes=\"(max-width: 640px) 100vw, 562px\" \/><\/span><\/li><\/ul><\/div><\/div><\/div><\/div><div class=\"fusion-layout-column fusion_builder_column fusion-builder-column-2 fusion_builder_column_1_2 1_2 fusion-flex-column\" style=\"--awb-padding-top:6px;--awb-padding-left:20px;--awb-bg-size:cover;--awb-width-large:50%;--awb-margin-top-large:0px;--awb-spacing-right-large:3.84%;--awb-margin-bottom-large:20px;--awb-spacing-left-large:3.84%;--awb-width-medium:50%;--awb-order-medium:0;--awb-spacing-right-medium:3.84%;--awb-spacing-left-medium:3.84%;--awb-width-small:100%;--awb-order-small:0;--awb-spacing-right-small:1.92%;--awb-spacing-left-small:1.92%;\"><div class=\"fusion-column-wrapper fusion-column-has-shadow fusion-flex-justify-content-flex-start fusion-content-layout-column\"><div class=\"fusion-text fusion-text-3\" style=\"--awb-margin-left:30px;\"><p style=\"font-family: Roboto;\" data-fusion-font=\"true\" data-fusion-google-font=\"Roboto\" data-fusion-google-variant=\"300\">L&rsquo;offre comprend:<\/p>\n<\/div><div class=\"fusion-text fusion-text-4\"><ul class=\"ul1\">\n<li class=\"li1\"><span style=\"font-size: 18px; line-height: 32.4px;\" data-fusion-font=\"true\">2 x sommeil r\u00e9parateur dans votre chambre pr\u00e9f\u00e9r\u00e9e<\/span><\/li>\n<li class=\"li1\"><span style=\"font-size: 18px; line-height: 32.4px;\" data-fusion-font=\"true\">2 x petit-d\u00e9jeuner du buffet Vous y trouverez du pain de la boulangerie traditionnelle, de la charcuterie, du fromage et du jambon, des \u0153ufs bio, des c\u00e9r\u00e9ales, des confitures et bien d&rsquo;autres d\u00e9lices.<\/span><\/li>\n<li class=\"li1\"><span style=\"font-size: 18px; line-height: 32.4px;\" data-fusion-font=\"true\">2 x d\u00eener d\u00e9licieux et sain<\/span><\/li>\n<li class=\"li1\"><span style=\"font-size: 18px; line-height: 32.4px;\" data-fusion-font=\"true\">1 sac \u00e0 dos, naturellement durable, contenant de l&rsquo;eau, du vin, du fromage, de la charcuterie, du pain et des olives pour votre randonn\u00e9e \u00e0 v\u00e9lo.<\/span><\/li>\n<li class=\"li1\"><span style=\"font-size: 18px; line-height: 32.4px;\" data-fusion-font=\"true\">Peignoir de bain, serviettes de sauna, pantoufles d&rsquo;h\u00f4tel pour la piscine et le sauna<br \/>\n<\/span><\/li>\n<li class=\"li1\"><span style=\"font-size: 18px; line-height: 32.4px;\" data-fusion-font=\"true\"><span style=\"font-size: 18px; line-height: 32.4px;\" data-fusion-font=\"true\">1 place de stationnement dans notre garage \u00e0 v\u00e9los<\/span><\/span><\/li>\n<\/ul>\n<\/div><div class=\"fusion-text fusion-text-5\"><p><span style=\"background-color: rgba(255, 255, 255, 0); color: var(--body_typography-color); font-family: var(--body_typography-font-family); font-style: var(--body_typography-font-style,normal); font-weight: var(--body_typography-font-weight); letter-spacing: var(--body_typography-letter-spacing); font-size: 22px;\" data-fusion-font=\"true\">2 nuits \u00e0 partir de <br \/>\n<\/span><b style=\"background-color: rgba(255, 255, 255, 0); color: var(--body_typography-color); font-family: var(--body_typography-font-family); font-style: var(--body_typography-font-style,normal); letter-spacing: var(--body_typography-letter-spacing); font-size: 22px;\" data-fusion-font=\"true\">EUR 297,00 <\/b><span style=\"background-color: rgba(255, 255, 255, 0); color: var(--body_typography-color); font-family: var(--body_typography-font-family); font-style: var(--body_typography-font-style,normal); font-weight: var(--body_typography-font-weight); letter-spacing: var(--body_typography-letter-spacing); font-size: 22px;\" data-fusion-font=\"true\">par personne en chambre double Vulcano Fresh <br \/>\n<strong>EUR 309,00<\/strong> par personne en chambre double Vulcano Loft<\/span><\/p>\n<\/div><\/div><\/div><\/div><\/div><div class=\"fusion-fullwidth fullwidth-box fusion-builder-row-3 fusion-flex-container nonhundred-percent-fullwidth non-hundred-percent-height-scrolling\" style=\"--awb-border-radius-top-left:0px;--awb-border-radius-top-right:0px;--awb-border-radius-bottom-right:0px;--awb-border-radius-bottom-left:0px;--awb-margin-bottom:45px;--awb-flex-wrap:wrap;\" ><div class=\"fusion-builder-row fusion-row fusion-flex-align-items-flex-start fusion-flex-content-wrap\" style=\"max-width:1248px;margin-left: calc(-4% \/ 2 );margin-right: calc(-4% \/ 2 );\"><div class=\"fusion-layout-column fusion_builder_column fusion-builder-column-3 fusion_builder_column_1_2 1_2 fusion-flex-column\" style=\"--awb-bg-size:cover;--awb-width-large:50%;--awb-margin-top-large:0px;--awb-spacing-right-large:3.84%;--awb-margin-bottom-large:20px;--awb-spacing-left-large:3.84%;--awb-width-medium:50%;--awb-order-medium:0;--awb-spacing-right-medium:3.84%;--awb-spacing-left-medium:3.84%;--awb-width-small:100%;--awb-order-small:0;--awb-spacing-right-small:1.92%;--awb-spacing-left-small:1.92%;\"><div class=\"fusion-column-wrapper fusion-column-has-shadow fusion-flex-justify-content-center fusion-content-layout-row\"><div style=\"text-align:center;\"><a class=\"fusion-button button-flat fusion-button-default-size button-custom fusion-button-default button-1 fusion-button-default-span fusion-button-default-type\" style=\"--button_accent_color:#ffffff;--button_border_color:#3e5500;--button_accent_hover_color:#3e5500;--button_border_hover_color:#3e5500;--button_border_width-top:2px;--button_border_width-right:2px;--button_border_width-bottom:2px;--button_border_width-left:2px;--button-border-radius-top-left:1px;--button-border-radius-top-right:1px;--button-border-radius-bottom-right:1px;--button-border-radius-bottom-left:1px;--button_gradient_top_color:#3e5500;--button_gradient_bottom_color:#3e5500;--button_gradient_top_color_hover:#ffffff;--button_gradient_bottom_color_hover:#ffffff;--button_text_transform:none;\" target=\"_self\" href=\"https:\/\/stage.vulcanolindenhof.de\/online-buchung\/#\/vsc.php?package=137639\"><span class=\"fusion-button-text awb-button__text awb-button__text--default\">R\u00c9SERVER<\/span><\/a><\/div><\/div><\/div><div class=\"fusion-layout-column fusion_builder_column fusion-builder-column-4 fusion_builder_column_1_2 1_2 fusion-flex-column\" style=\"--awb-bg-size:cover;--awb-width-large:50%;--awb-margin-top-large:0px;--awb-spacing-right-large:3.84%;--awb-margin-bottom-large:20px;--awb-spacing-left-large:3.84%;--awb-width-medium:50%;--awb-order-medium:0;--awb-spacing-right-medium:3.84%;--awb-spacing-left-medium:3.84%;--awb-width-small:100%;--awb-order-small:0;--awb-spacing-right-small:1.92%;--awb-spacing-left-small:1.92%;\"><div class=\"fusion-column-wrapper fusion-column-has-shadow fusion-flex-justify-content-center fusion-content-layout-row\"><div style=\"text-align:left;\"><a class=\"fusion-button button-flat fusion-button-default-size button-custom fusion-button-default button-2 fusion-button-default-span fusion-button-default-type\" style=\"--button_accent_color:#ffffff;--button_border_color:#ac6537;--button_accent_hover_color:#ac6537;--button_border_hover_color:#ac6537;--button_border_width-top:2px;--button_border_width-right:2px;--button_border_width-bottom:2px;--button_border_width-left:2px;--button-border-radius-top-left:1px;--button-border-radius-top-right:1px;--button-border-radius-bottom-right:1px;--button-border-radius-bottom-left:1px;--button_gradient_top_color:#ac6537;--button_gradient_bottom_color:#ac6537;--button_gradient_top_color_hover:#ffffff;--button_gradient_bottom_color_hover:#ffffff;--button_text_transform:none;\" target=\"_self\" href=\"https:\/\/stage.vulcanolindenhof.de\/anfragen-arrangement\/\"><span class=\"fusion-button-text awb-button__text awb-button__text--default\">FORMULAIRE DE CONTACT<\/span><\/a><\/div><\/div><\/div><\/div><\/div><\/p>\n","protected":false},"excerpt":{"rendered":"","protected":false},"author":1,"featured_media":0,"parent":0,"menu_order":0,"comment_status":"closed","ping_status":"closed","template":"100-width.php","meta":{"footnotes":""},"class_list":["post-6559","page","type-page","status-publish","hentry"],"yoast_head":"<!-- This site is optimized with the Yoast SEO plugin v27.4 - https:\/\/yoast.com\/product\/yoast-seo-wordpress\/ -->\n<title>EN SELLE ET P\u00c9DALER - Vulcano Lindenhof | Wittlich<\/title>\n<meta name=\"robots\" content=\"noindex, follow, max-snippet:-1, max-image-preview:large, max-video-preview:-1\" \/>\n<meta property=\"og:locale\" content=\"fr_FR\" \/>\n<meta property=\"og:type\" content=\"article\" \/>\n<meta property=\"og:title\" content=\"EN SELLE ET P\u00c9DALER - Vulcano Lindenhof | Wittlich\" \/>\n<meta property=\"og:url\" content=\"https:\/\/stage.vulcanolindenhof.de\/fr\/en-selle-et-pedaler\/\" \/>\n<meta property=\"og:site_name\" content=\"Vulcano Lindenhof | Wittlich\" \/>\n<meta property=\"article:modified_time\" content=\"2024-02-28T07:36:04+00:00\" \/>\n<meta name=\"twitter:card\" content=\"summary_large_image\" \/>\n<meta name=\"twitter:label1\" content=\"Dur\u00e9e de lecture estim\u00e9e\" \/>\n\t<meta name=\"twitter:data1\" content=\"9 minutes\" \/>\n<script type=\"application\/ld+json\" class=\"yoast-schema-graph\">{\"@context\":\"https:\\\/\\\/schema.org\",\"@graph\":[{\"@type\":\"WebPage\",\"@id\":\"https:\\\/\\\/stage.vulcanolindenhof.de\\\/fr\\\/en-selle-et-pedaler\\\/\",\"url\":\"https:\\\/\\\/stage.vulcanolindenhof.de\\\/fr\\\/en-selle-et-pedaler\\\/\",\"name\":\"EN SELLE ET P\u00c9DALER - Vulcano Lindenhof | Wittlich\",\"isPartOf\":{\"@id\":\"https:\\\/\\\/stage.vulcanolindenhof.de\\\/#website\"},\"datePublished\":\"2021-08-26T13:01:51+00:00\",\"dateModified\":\"2024-02-28T07:36:04+00:00\",\"breadcrumb\":{\"@id\":\"https:\\\/\\\/stage.vulcanolindenhof.de\\\/fr\\\/en-selle-et-pedaler\\\/#breadcrumb\"},\"inLanguage\":\"fr-FR\",\"potentialAction\":[{\"@type\":\"ReadAction\",\"target\":[\"https:\\\/\\\/stage.vulcanolindenhof.de\\\/fr\\\/en-selle-et-pedaler\\\/\"]}]},{\"@type\":\"BreadcrumbList\",\"@id\":\"https:\\\/\\\/stage.vulcanolindenhof.de\\\/fr\\\/en-selle-et-pedaler\\\/#breadcrumb\",\"itemListElement\":[{\"@type\":\"ListItem\",\"position\":1,\"name\":\"Startseite\",\"item\":\"https:\\\/\\\/stage.vulcanolindenhof.de\\\/fr\\\/page-daccueil\\\/\"},{\"@type\":\"ListItem\",\"position\":2,\"name\":\"EN SELLE ET P\u00c9DALER\"}]},{\"@type\":\"WebSite\",\"@id\":\"https:\\\/\\\/stage.vulcanolindenhof.de\\\/#website\",\"url\":\"https:\\\/\\\/stage.vulcanolindenhof.de\\\/\",\"name\":\"Vulcano Lindenhof | Wittlich\",\"description\":\"Gesundheit \\\/ Wellness \\\/ Wohlbefinden\",\"potentialAction\":[{\"@type\":\"SearchAction\",\"target\":{\"@type\":\"EntryPoint\",\"urlTemplate\":\"https:\\\/\\\/stage.vulcanolindenhof.de\\\/?s={search_term_string}\"},\"query-input\":{\"@type\":\"PropertyValueSpecification\",\"valueRequired\":true,\"valueName\":\"search_term_string\"}}],\"inLanguage\":\"fr-FR\"}]}<\/script>\n<!-- \/ Yoast SEO plugin. -->","yoast_head_json":{"title":"EN SELLE ET P\u00c9DALER - Vulcano Lindenhof | Wittlich","robots":{"index":"noindex","follow":"follow","max-snippet":"max-snippet:-1","max-image-preview":"max-image-preview:large","max-video-preview":"max-video-preview:-1"},"og_locale":"fr_FR","og_type":"article","og_title":"EN SELLE ET P\u00c9DALER - Vulcano Lindenhof | Wittlich","og_url":"https:\/\/stage.vulcanolindenhof.de\/fr\/en-selle-et-pedaler\/","og_site_name":"Vulcano Lindenhof | Wittlich","article_modified_time":"2024-02-28T07:36:04+00:00","twitter_card":"summary_large_image","twitter_misc":{"Dur\u00e9e de lecture estim\u00e9e":"9 minutes"},"schema":{"@context":"https:\/\/schema.org","@graph":[{"@type":"WebPage","@id":"https:\/\/stage.vulcanolindenhof.de\/fr\/en-selle-et-pedaler\/","url":"https:\/\/stage.vulcanolindenhof.de\/fr\/en-selle-et-pedaler\/","name":"EN SELLE ET P\u00c9DALER - Vulcano Lindenhof | Wittlich","isPartOf":{"@id":"https:\/\/stage.vulcanolindenhof.de\/#website"},"datePublished":"2021-08-26T13:01:51+00:00","dateModified":"2024-02-28T07:36:04+00:00","breadcrumb":{"@id":"https:\/\/stage.vulcanolindenhof.de\/fr\/en-selle-et-pedaler\/#breadcrumb"},"inLanguage":"fr-FR","potentialAction":[{"@type":"ReadAction","target":["https:\/\/stage.vulcanolindenhof.de\/fr\/en-selle-et-pedaler\/"]}]},{"@type":"BreadcrumbList","@id":"https:\/\/stage.vulcanolindenhof.de\/fr\/en-selle-et-pedaler\/#breadcrumb","itemListElement":[{"@type":"ListItem","position":1,"name":"Startseite","item":"https:\/\/stage.vulcanolindenhof.de\/fr\/page-daccueil\/"},{"@type":"ListItem","position":2,"name":"EN SELLE ET P\u00c9DALER"}]},{"@type":"WebSite","@id":"https:\/\/stage.vulcanolindenhof.de\/#website","url":"https:\/\/stage.vulcanolindenhof.de\/","name":"Vulcano Lindenhof | Wittlich","description":"Gesundheit \/ Wellness \/ Wohlbefinden","potentialAction":[{"@type":"SearchAction","target":{"@type":"EntryPoint","urlTemplate":"https:\/\/stage.vulcanolindenhof.de\/?s={search_term_string}"},"query-input":{"@type":"PropertyValueSpecification","valueRequired":true,"valueName":"search_term_string"}}],"inLanguage":"fr-FR"}]}},"_links":{"self":[{"href":"https:\/\/stage.vulcanolindenhof.de\/fr\/wp-json\/wp\/v2\/pages\/6559","targetHints":{"allow":["GET"]}}],"collection":[{"href":"https:\/\/stage.vulcanolindenhof.de\/fr\/wp-json\/wp\/v2\/pages"}],"about":[{"href":"https:\/\/stage.vulcanolindenhof.de\/fr\/wp-json\/wp\/v2\/types\/page"}],"author":[{"embeddable":true,"href":"https:\/\/stage.vulcanolindenhof.de\/fr\/wp-json\/wp\/v2\/users\/1"}],"replies":[{"embeddable":true,"href":"https:\/\/stage.vulcanolindenhof.de\/fr\/wp-json\/wp\/v2\/comments?post=6559"}],"version-history":[{"count":10,"href":"https:\/\/stage.vulcanolindenhof.de\/fr\/wp-json\/wp\/v2\/pages\/6559\/revisions"}],"predecessor-version":[{"id":9205,"href":"https:\/\/stage.vulcanolindenhof.de\/fr\/wp-json\/wp\/v2\/pages\/6559\/revisions\/9205"}],"wp:attachment":[{"href":"https:\/\/stage.vulcanolindenhof.de\/fr\/wp-json\/wp\/v2\/media?parent=6559"}],"curies":[{"name":"wp","href":"https:\/\/api.w.org\/{rel}","templated":true}]}}