{"id":6601,"date":"2021-09-02T18:47:41","date_gmt":"2021-09-02T16:47:41","guid":{"rendered":"https:\/\/stage.vulcanolindenhof.de\/congres-seminaires\/"},"modified":"2024-04-04T18:21:07","modified_gmt":"2024-04-04T16:21:07","slug":"congres-seminaires","status":"publish","type":"page","link":"https:\/\/stage.vulcanolindenhof.de\/fr\/congres-seminaires\/","title":{"rendered":"CONGR\u00c8S &amp; S\u00c9MINAIRES"},"content":{"rendered":"<p><div class=\"fusion-fullwidth fullwidth-box fusion-builder-row-1 fusion-flex-container fusion-parallax-none nonhundred-percent-fullwidth non-hundred-percent-height-scrolling\" style=\"--awb-border-radius-top-left:0px;--awb-border-radius-top-right:0px;--awb-border-radius-bottom-right:0px;--awb-border-radius-bottom-left:0px;--awb-padding-bottom:600px;--awb-margin-top:-100px;--awb-margin-bottom:40px;--awb-background-image:url(&quot;https:\/\/stage.vulcanolindenhof.de\/wp-content\/uploads\/2022\/08\/A-4302-scaled.jpg&quot;);--awb-background-size:cover;--awb-flex-wrap:wrap;\" ><div class=\"fusion-builder-row fusion-row fusion-flex-align-items-flex-start fusion-flex-content-wrap\" style=\"max-width:1248px;margin-left: calc(-4% \/ 2 );margin-right: calc(-4% \/ 2 );\"><div class=\"fusion-layout-column fusion_builder_column fusion-builder-column-0 fusion_builder_column_1_1 1_1 fusion-flex-column\" style=\"--awb-bg-size:cover;--awb-width-large:100%;--awb-margin-top-large:0px;--awb-spacing-right-large:1.92%;--awb-margin-bottom-large:20px;--awb-spacing-left-large:1.92%;--awb-width-medium:100%;--awb-order-medium:0;--awb-spacing-right-medium:1.92%;--awb-spacing-left-medium:1.92%;--awb-width-small:100%;--awb-order-small:0;--awb-spacing-right-small:1.92%;--awb-spacing-left-small:1.92%;\"><div class=\"fusion-column-wrapper fusion-column-has-shadow fusion-flex-justify-content-flex-start fusion-content-layout-column\"><\/div><\/div><\/div><\/div><div class=\"fusion-fullwidth fullwidth-box fusion-builder-row-2 fusion-flex-container nonhundred-percent-fullwidth non-hundred-percent-height-scrolling\" style=\"--awb-border-radius-top-left:0px;--awb-border-radius-top-right:0px;--awb-border-radius-bottom-right:0px;--awb-border-radius-bottom-left:0px;--awb-margin-bottom:50px;--awb-margin-bottom-small:50px;--awb-flex-wrap:wrap;\" ><div class=\"fusion-builder-row fusion-row fusion-flex-align-items-flex-start fusion-flex-content-wrap\" style=\"max-width:1248px;margin-left: calc(-4% \/ 2 );margin-right: calc(-4% \/ 2 );\"><div class=\"fusion-layout-column fusion_builder_column fusion-builder-column-1 fusion_builder_column_1_1 1_1 fusion-flex-column\" style=\"--awb-bg-size:cover;--awb-width-large:100%;--awb-margin-top-large:0px;--awb-spacing-right-large:1.92%;--awb-margin-bottom-large:20px;--awb-spacing-left-large:1.92%;--awb-width-medium:100%;--awb-order-medium:0;--awb-spacing-right-medium:1.92%;--awb-spacing-left-medium:1.92%;--awb-width-small:100%;--awb-order-small:0;--awb-spacing-right-small:1.92%;--awb-spacing-left-small:1.92%;\"><div class=\"fusion-column-wrapper fusion-column-has-shadow fusion-flex-justify-content-flex-start fusion-content-layout-column\"><div class=\"fusion-text fusion-text-1\"><h1 style=\"text-align: center;\">CONGR\u00c8S &amp; S\u00c9MINAIRES<\/h1>\n<\/div><div class=\"fusion-separator\" style=\"align-self: center;margin-left: auto;margin-right: auto;width:100%;max-width:50px;\"><div class=\"fusion-separator-border sep-single sep-solid\" style=\"--awb-height:20px;--awb-amount:20px;--awb-sep-color:#a23542;border-color:#a23542;border-top-width:1px;\"><\/div><\/div><div class=\"fusion-text fusion-text-2\" style=\"--awb-margin-top:30px;\"><p style=\"text-align: justify;\"><span style=\"background-color: rgba(255, 255, 255, 0); color: var(--body_typography-color); font-family: var(--body_typography-font-family); font-size: var(--body_typography-font-size); font-style: var(--body_typography-font-style,normal); font-weight: var(--body_typography-font-weight); letter-spacing: var(--body_typography-letter-spacing);\">Vos s\u00e9minaires et r\u00e9unions \u00e0 Vulcano Lindenhof: nous vous proposons des salles \u00e9quip\u00e9es pour 10 \u00e0 300 personnes. Toutes les salles sont \u00e9quip\u00e9es d&rsquo;une connexion Wi-Fi.<\/span><\/p>\n<p style=\"text-align: justify;\">Accord individuel &#8211; nous organisons ensemble le d\u00e9roulement de votre \u00e9v\u00e9nement. Planifiez avec nous <b style=\"font-size: 22px;\" data-fusion-font=\"true\">selon vos souhaits<\/b>. Nous vous ferons une offre.<\/p>\n<p style=\"text-align: justify;\"><b style=\"font-size: 22px;\" data-fusion-font=\"true\">Contactez-nous<\/b> au 06571\/ 6920 ou remplissez notre formulaire de contact.<\/p>\n<\/div><\/div><\/div><\/div><\/div><div class=\"fusion-fullwidth fullwidth-box fusion-builder-row-3 fusion-flex-container has-pattern-background has-mask-background nonhundred-percent-fullwidth non-hundred-percent-height-scrolling\" style=\"--awb-border-radius-top-left:0px;--awb-border-radius-top-right:0px;--awb-border-radius-bottom-right:0px;--awb-border-radius-bottom-left:0px;--awb-flex-wrap:wrap;\" ><div class=\"fusion-builder-row fusion-row fusion-flex-align-items-flex-start fusion-flex-content-wrap\" style=\"max-width:1248px;margin-left: calc(-4% \/ 2 );margin-right: calc(-4% \/ 2 );\"><div class=\"fusion-layout-column fusion_builder_column fusion-builder-column-2 fusion_builder_column_1_1 1_1 fusion-flex-column\" style=\"--awb-bg-size:cover;--awb-width-large:100%;--awb-margin-top-large:0px;--awb-spacing-right-large:1.92%;--awb-margin-bottom-large:20px;--awb-spacing-left-large:1.92%;--awb-width-medium:100%;--awb-order-medium:0;--awb-spacing-right-medium:1.92%;--awb-spacing-left-medium:1.92%;--awb-width-small:100%;--awb-order-small:0;--awb-spacing-right-small:1.92%;--awb-spacing-left-small:1.92%;\"><div class=\"fusion-column-wrapper fusion-column-has-shadow fusion-flex-justify-content-flex-start fusion-content-layout-column\">\n<div class=\"wpcf7 no-js\" id=\"wpcf7-f8656-o1\" lang=\"de-DE\" dir=\"ltr\" data-wpcf7-id=\"8656\">\n<div class=\"screen-reader-response\"><p role=\"status\" aria-live=\"polite\" aria-atomic=\"true\"><\/p> <ul><\/ul><\/div>\n<form action=\"\/fr\/wp-json\/wp\/v2\/pages\/6601#wpcf7-f8656-o1\" method=\"post\" class=\"wpcf7-form init\" aria-label=\"Kontaktformular\" novalidate=\"novalidate\" data-status=\"init\">\n<fieldset class=\"hidden-fields-container\"><input type=\"hidden\" name=\"_wpcf7\" value=\"8656\" \/><input type=\"hidden\" name=\"_wpcf7_version\" value=\"6.1.5\" \/><input type=\"hidden\" name=\"_wpcf7_locale\" value=\"de_DE\" \/><input type=\"hidden\" name=\"_wpcf7_unit_tag\" value=\"wpcf7-f8656-o1\" \/><input type=\"hidden\" name=\"_wpcf7_container_post\" value=\"0\" \/><input type=\"hidden\" name=\"_wpcf7_posted_data_hash\" value=\"\" \/>\n<\/fieldset>\n<h2>Reisedaten\n<\/h2>\n<p><label> Wann m\u00f6chten Sie anreisen?<br \/>\n<span class=\"wpcf7-form-control-wrap\" data-name=\"date-763\"><input class=\"wpcf7-form-control wpcf7-date wpcf7-validates-as-date\" aria-invalid=\"false\" value=\"\" type=\"date\" name=\"date-763\" \/><\/span> <\/label>\n<\/p>\n<p><label> Wann m\u00f6chten Sie abreisen?<br \/>\n<span class=\"wpcf7-form-control-wrap\" data-name=\"date-130\"><input class=\"wpcf7-form-control wpcf7-date wpcf7-validates-as-date\" aria-invalid=\"false\" value=\"\" type=\"date\" name=\"date-130\" \/><\/span> <\/label>\n<\/p>\n<p><label> Anzahl der Teilnehmer.<br \/>\n<span class=\"wpcf7-form-control-wrap\" data-name=\"number-883\"><input class=\"wpcf7-form-control wpcf7-number wpcf7-validates-as-number\" aria-invalid=\"false\" value=\"\" type=\"number\" name=\"number-883\" \/><\/span> <\/label>\n<\/p>\n<p><label> Wie viele Zimmer zur Einzelbelegung ben\u00f6tigen Sie?<br \/>\n<span class=\"wpcf7-form-control-wrap\" data-name=\"number-178\"><input class=\"wpcf7-form-control wpcf7-number wpcf7-validates-as-number\" aria-invalid=\"false\" value=\"\" type=\"number\" name=\"number-178\" \/><\/span> <\/label>\n<\/p>\n<p><label> Wie viele Zimmer zur Doppelbelegung ben\u00f6tigen Sie?<br \/>\n<span class=\"wpcf7-form-control-wrap\" data-name=\"number-179\"><input class=\"wpcf7-form-control wpcf7-number wpcf7-validates-as-number\" aria-invalid=\"false\" value=\"\" type=\"number\" name=\"number-179\" \/><\/span> <\/label>\n<\/p>\n<p><label> Welche Art von Bestuhlung ben\u00f6tigen Sie?<br \/>\n<span class=\"wpcf7-form-control-wrap\" data-name=\"menu-497\"><select class=\"wpcf7-form-control wpcf7-select\" aria-invalid=\"false\" name=\"menu-497\"><option value=\"\">&#8211; Bitte ausw\u00e4hlen &#8211;<\/option><option value=\"Theaterbestuhlung\">Theaterbestuhlung<\/option><option value=\"Parlamentarisch\">Parlamentarisch<\/option><option value=\"U-Form\">U-Form<\/option><option value=\"Bankettbestuhlung\">Bankettbestuhlung<\/option><option value=\"Blockform\">Blockform<\/option><\/select><\/span> <\/label>\n<\/p>\n<p><label> Haben Sie W\u00fcnsche und Anmerkungen?<br \/>\n<span class=\"wpcf7-form-control-wrap\" data-name=\"textarea-467\"><textarea cols=\"40\" rows=\"10\" maxlength=\"2000\" class=\"wpcf7-form-control wpcf7-textarea\" aria-invalid=\"false\" name=\"textarea-467\"><\/textarea><\/span> <\/label>\n<\/p>\n<h2>Pers\u00f6nliche Angaben\n<\/h2>\n<p><label> Vor- und Nachname<br \/>\n<span class=\"wpcf7-form-control-wrap\" data-name=\"your-name\"><input size=\"40\" maxlength=\"400\" class=\"wpcf7-form-control wpcf7-text wpcf7-validates-as-required\" autocomplete=\"name\" aria-required=\"true\" aria-invalid=\"false\" value=\"\" type=\"text\" name=\"your-name\" \/><\/span> <\/label>\n<\/p>\n<p><label> E-Mail-Adresse<br \/>\n<span class=\"wpcf7-form-control-wrap\" data-name=\"your-email\"><input size=\"40\" maxlength=\"400\" class=\"wpcf7-form-control wpcf7-email wpcf7-validates-as-required wpcf7-text wpcf7-validates-as-email\" autocomplete=\"email\" aria-required=\"true\" aria-invalid=\"false\" value=\"\" type=\"email\" name=\"your-email\" \/><\/span> <\/label>\n<\/p>\n<p><label> Telefonnummer<br \/>\n<span class=\"wpcf7-form-control-wrap\" data-name=\"tel-549\"><input size=\"40\" maxlength=\"400\" class=\"wpcf7-form-control wpcf7-tel wpcf7-text wpcf7-validates-as-tel\" aria-invalid=\"false\" value=\"\" type=\"tel\" name=\"tel-549\" \/><\/span> <\/label>\n<\/p>\n<p><span class=\"wpcf7-form-control-wrap\" data-name=\"checkbox-120\"><span class=\"wpcf7-form-control wpcf7-checkbox\"><span class=\"wpcf7-list-item first last\"><label><input type=\"checkbox\" name=\"checkbox-120[]\" value=\"Ich bin an regelm\u00e4\u00dfigen Mitteilungen \u00fcber Angebote und Neuigkeiten interessiert.\" \/><span class=\"wpcf7-list-item-label\">Ich bin an regelm\u00e4\u00dfigen Mitteilungen \u00fcber Angebote und Neuigkeiten interessiert.<\/span><\/label><\/span><\/span><\/span>\n<\/p>\n<p>Datenschutz: Wir verarbeiten Ihre Daten ausschlie\u00dflich zur Bearbeitung Ihrer Anfrage oder Ihres Auftrags. Weitere Informationen zum Umgang mit personenbezogenen Daten finden Sie in unserer <a href=\"..\/datenschutzerklaerung\/\" target=\"_blank\">Datenschutzerkl\u00e4rung<\/a>.\n<\/p>\n<p><input class=\"wpcf7-form-control wpcf7-submit has-spinner\" type=\"submit\" value=\"Senden\" \/>\n<\/p><div class=\"fusion-alert alert custom alert-custom fusion-alert-center wpcf7-response-output awb-alert-native-link-color alert-dismissable awb-alert-close-boxed\" style=\"--awb-border-size:1px;--awb-border-top-left-radius:0px;--awb-border-top-right-radius:0px;--awb-border-bottom-left-radius:0px;--awb-border-bottom-right-radius:0px;\" role=\"alert\"><div class=\"fusion-alert-content-wrapper\"><span class=\"fusion-alert-content\"><\/span><\/div><button type=\"button\" class=\"close toggle-alert\" data-dismiss=\"alert\" aria-label=\"Close\">&times;<\/button><\/div>\n<\/form>\n<\/div>\n<\/div><\/div><\/div><\/div><\/p>\n","protected":false},"excerpt":{"rendered":"","protected":false},"author":1,"featured_media":0,"parent":0,"menu_order":0,"comment_status":"closed","ping_status":"closed","template":"100-width.php","meta":{"footnotes":""},"class_list":["post-6601","page","type-page","status-publish","hentry"],"yoast_head":"<!-- This site is optimized with the Yoast SEO plugin v27.4 - https:\/\/yoast.com\/product\/yoast-seo-wordpress\/ -->\n<title>CONGR\u00c8S &amp; S\u00c9MINAIRES - Vulcano Lindenhof | Wittlich<\/title>\n<meta name=\"robots\" content=\"noindex, follow, max-snippet:-1, max-image-preview:large, max-video-preview:-1\" \/>\n<meta property=\"og:locale\" content=\"fr_FR\" \/>\n<meta property=\"og:type\" content=\"article\" \/>\n<meta property=\"og:title\" content=\"CONGR\u00c8S &amp; S\u00c9MINAIRES - Vulcano Lindenhof | Wittlich\" \/>\n<meta property=\"og:url\" content=\"https:\/\/stage.vulcanolindenhof.de\/fr\/congres-seminaires\/\" \/>\n<meta property=\"og:site_name\" content=\"Vulcano Lindenhof | Wittlich\" \/>\n<meta property=\"article:modified_time\" content=\"2024-04-04T16:21:07+00:00\" \/>\n<meta name=\"twitter:card\" content=\"summary_large_image\" \/>\n<meta name=\"twitter:label1\" content=\"Dur\u00e9e de lecture estim\u00e9e\" \/>\n\t<meta name=\"twitter:data1\" content=\"3 minutes\" \/>\n<script type=\"application\/ld+json\" class=\"yoast-schema-graph\">{\"@context\":\"https:\\\/\\\/schema.org\",\"@graph\":[{\"@type\":\"WebPage\",\"@id\":\"https:\\\/\\\/stage.vulcanolindenhof.de\\\/fr\\\/congres-seminaires\\\/\",\"url\":\"https:\\\/\\\/stage.vulcanolindenhof.de\\\/fr\\\/congres-seminaires\\\/\",\"name\":\"CONGR\u00c8S &amp; S\u00c9MINAIRES - Vulcano Lindenhof | Wittlich\",\"isPartOf\":{\"@id\":\"https:\\\/\\\/stage.vulcanolindenhof.de\\\/#website\"},\"datePublished\":\"2021-09-02T16:47:41+00:00\",\"dateModified\":\"2024-04-04T16:21:07+00:00\",\"breadcrumb\":{\"@id\":\"https:\\\/\\\/stage.vulcanolindenhof.de\\\/fr\\\/congres-seminaires\\\/#breadcrumb\"},\"inLanguage\":\"fr-FR\",\"potentialAction\":[{\"@type\":\"ReadAction\",\"target\":[\"https:\\\/\\\/stage.vulcanolindenhof.de\\\/fr\\\/congres-seminaires\\\/\"]}]},{\"@type\":\"BreadcrumbList\",\"@id\":\"https:\\\/\\\/stage.vulcanolindenhof.de\\\/fr\\\/congres-seminaires\\\/#breadcrumb\",\"itemListElement\":[{\"@type\":\"ListItem\",\"position\":1,\"name\":\"Startseite\",\"item\":\"https:\\\/\\\/stage.vulcanolindenhof.de\\\/fr\\\/page-daccueil\\\/\"},{\"@type\":\"ListItem\",\"position\":2,\"name\":\"CONGR\u00c8S &amp; S\u00c9MINAIRES\"}]},{\"@type\":\"WebSite\",\"@id\":\"https:\\\/\\\/stage.vulcanolindenhof.de\\\/#website\",\"url\":\"https:\\\/\\\/stage.vulcanolindenhof.de\\\/\",\"name\":\"Vulcano Lindenhof | Wittlich\",\"description\":\"Gesundheit \\\/ Wellness \\\/ Wohlbefinden\",\"potentialAction\":[{\"@type\":\"SearchAction\",\"target\":{\"@type\":\"EntryPoint\",\"urlTemplate\":\"https:\\\/\\\/stage.vulcanolindenhof.de\\\/?s={search_term_string}\"},\"query-input\":{\"@type\":\"PropertyValueSpecification\",\"valueRequired\":true,\"valueName\":\"search_term_string\"}}],\"inLanguage\":\"fr-FR\"}]}<\/script>\n<!-- \/ Yoast SEO plugin. -->","yoast_head_json":{"title":"CONGR\u00c8S &amp; S\u00c9MINAIRES - Vulcano Lindenhof | Wittlich","robots":{"index":"noindex","follow":"follow","max-snippet":"max-snippet:-1","max-image-preview":"max-image-preview:large","max-video-preview":"max-video-preview:-1"},"og_locale":"fr_FR","og_type":"article","og_title":"CONGR\u00c8S &amp; S\u00c9MINAIRES - Vulcano Lindenhof | Wittlich","og_url":"https:\/\/stage.vulcanolindenhof.de\/fr\/congres-seminaires\/","og_site_name":"Vulcano Lindenhof | Wittlich","article_modified_time":"2024-04-04T16:21:07+00:00","twitter_card":"summary_large_image","twitter_misc":{"Dur\u00e9e de lecture estim\u00e9e":"3 minutes"},"schema":{"@context":"https:\/\/schema.org","@graph":[{"@type":"WebPage","@id":"https:\/\/stage.vulcanolindenhof.de\/fr\/congres-seminaires\/","url":"https:\/\/stage.vulcanolindenhof.de\/fr\/congres-seminaires\/","name":"CONGR\u00c8S &amp; S\u00c9MINAIRES - Vulcano Lindenhof | Wittlich","isPartOf":{"@id":"https:\/\/stage.vulcanolindenhof.de\/#website"},"datePublished":"2021-09-02T16:47:41+00:00","dateModified":"2024-04-04T16:21:07+00:00","breadcrumb":{"@id":"https:\/\/stage.vulcanolindenhof.de\/fr\/congres-seminaires\/#breadcrumb"},"inLanguage":"fr-FR","potentialAction":[{"@type":"ReadAction","target":["https:\/\/stage.vulcanolindenhof.de\/fr\/congres-seminaires\/"]}]},{"@type":"BreadcrumbList","@id":"https:\/\/stage.vulcanolindenhof.de\/fr\/congres-seminaires\/#breadcrumb","itemListElement":[{"@type":"ListItem","position":1,"name":"Startseite","item":"https:\/\/stage.vulcanolindenhof.de\/fr\/page-daccueil\/"},{"@type":"ListItem","position":2,"name":"CONGR\u00c8S &amp; S\u00c9MINAIRES"}]},{"@type":"WebSite","@id":"https:\/\/stage.vulcanolindenhof.de\/#website","url":"https:\/\/stage.vulcanolindenhof.de\/","name":"Vulcano Lindenhof | Wittlich","description":"Gesundheit \/ Wellness \/ Wohlbefinden","potentialAction":[{"@type":"SearchAction","target":{"@type":"EntryPoint","urlTemplate":"https:\/\/stage.vulcanolindenhof.de\/?s={search_term_string}"},"query-input":{"@type":"PropertyValueSpecification","valueRequired":true,"valueName":"search_term_string"}}],"inLanguage":"fr-FR"}]}},"_links":{"self":[{"href":"https:\/\/stage.vulcanolindenhof.de\/fr\/wp-json\/wp\/v2\/pages\/6601","targetHints":{"allow":["GET"]}}],"collection":[{"href":"https:\/\/stage.vulcanolindenhof.de\/fr\/wp-json\/wp\/v2\/pages"}],"about":[{"href":"https:\/\/stage.vulcanolindenhof.de\/fr\/wp-json\/wp\/v2\/types\/page"}],"author":[{"embeddable":true,"href":"https:\/\/stage.vulcanolindenhof.de\/fr\/wp-json\/wp\/v2\/users\/1"}],"replies":[{"embeddable":true,"href":"https:\/\/stage.vulcanolindenhof.de\/fr\/wp-json\/wp\/v2\/comments?post=6601"}],"version-history":[{"count":17,"href":"https:\/\/stage.vulcanolindenhof.de\/fr\/wp-json\/wp\/v2\/pages\/6601\/revisions"}],"predecessor-version":[{"id":9292,"href":"https:\/\/stage.vulcanolindenhof.de\/fr\/wp-json\/wp\/v2\/pages\/6601\/revisions\/9292"}],"wp:attachment":[{"href":"https:\/\/stage.vulcanolindenhof.de\/fr\/wp-json\/wp\/v2\/media?parent=6601"}],"curies":[{"name":"wp","href":"https:\/\/api.w.org\/{rel}","templated":true}]}}