{"id":7657,"date":"2022-03-09T10:27:42","date_gmt":"2022-03-09T09:27:42","guid":{"rendered":"https:\/\/stage.vulcanolindenhof.de\/paques-a-vulcano-lindenhof\/"},"modified":"2024-02-28T08:48:19","modified_gmt":"2024-02-28T07:48:19","slug":"paques-a-vulcano-lindenhof","status":"publish","type":"page","link":"https:\/\/stage.vulcanolindenhof.de\/fr\/paques-a-vulcano-lindenhof\/","title":{"rendered":"P\u00c2QUES \u00c0 VULCANO LINDENHOF"},"content":{"rendered":"<p><div class=\"fusion-fullwidth fullwidth-box fusion-builder-row-1 fusion-flex-container nonhundred-percent-fullwidth non-hundred-percent-height-scrolling\" style=\"--awb-border-radius-top-left:0px;--awb-border-radius-top-right:0px;--awb-border-radius-bottom-right:0px;--awb-border-radius-bottom-left:0px;--awb-margin-bottom:30px;--awb-flex-wrap:wrap;\" ><div class=\"fusion-builder-row fusion-row fusion-flex-align-items-flex-start fusion-flex-content-wrap\" style=\"max-width:1248px;margin-left: calc(-4% \/ 2 );margin-right: calc(-4% \/ 2 );\"><div class=\"fusion-layout-column fusion_builder_column fusion-builder-column-0 fusion_builder_column_1_1 1_1 fusion-flex-column\" style=\"--awb-bg-size:cover;--awb-width-large:100%;--awb-margin-top-large:0px;--awb-spacing-right-large:1.92%;--awb-margin-bottom-large:20px;--awb-spacing-left-large:1.92%;--awb-width-medium:100%;--awb-order-medium:0;--awb-spacing-right-medium:1.92%;--awb-spacing-left-medium:1.92%;--awb-width-small:100%;--awb-order-small:0;--awb-spacing-right-small:1.92%;--awb-spacing-left-small:1.92%;\"><div class=\"fusion-column-wrapper fusion-column-has-shadow fusion-flex-justify-content-flex-start fusion-content-layout-column\"><div class=\"fusion-text fusion-text-1 fusion-text-no-margin\" style=\"--awb-margin-bottom:30px;\"><h1 style=\"text-align: center;\">P\u00c2QUES \u00c0 VULCANO LINDENHOF &#8211; LE PRINTEMPS DANS L&rsquo;EIFEL<\/h1>\n<\/div><div class=\"fusion-separator\" style=\"align-self: center;margin-left: auto;margin-right: auto;margin-top:-20px;width:100%;max-width:50px;\"><div class=\"fusion-separator-border sep-single sep-solid\" style=\"--awb-height:20px;--awb-amount:20px;--awb-sep-color:#a23542;border-color:#a23542;border-top-width:1px;\"><\/div><\/div><div class=\"fusion-text fusion-text-2\" style=\"--awb-text-transform:none;--awb-margin-top:30px;\"><p>Nous l&rsquo;attendons avec impatience &#8211; le printemps &#8211; et avec lui la plus belle f\u00eate printani\u00e8re de toutes : P\u00e2ques. Venez nous rejoindre et profitez de la nature qui s&rsquo;\u00e9veille. Des prairies d&rsquo;un vert tendre, des for\u00eats odorantes, un vaste ciel ensoleill\u00e9. Dans le c\u0153ur, en tout cas. Rire, se promener et profiter des jours qui rallongent. Se d\u00e9tendre dans notre petit SPA. Et le soir, un bon menu. Nous sommes impatients de vous choyer.<\/p>\n<p><b>L&rsquo;arrangement de P\u00e2ques peut \u00eatre r\u00e9serv\u00e9 du 28 mars 2024 au mardi de P\u00e2ques, 2 avril 2024.<\/b><\/p>\n<\/div><\/div><\/div><\/div><\/div><div class=\"fusion-fullwidth fullwidth-box fusion-builder-row-2 fusion-flex-container nonhundred-percent-fullwidth non-hundred-percent-height-scrolling\" style=\"--awb-border-radius-top-left:0px;--awb-border-radius-top-right:0px;--awb-border-radius-bottom-right:0px;--awb-border-radius-bottom-left:0px;--awb-flex-wrap:wrap;\" ><div class=\"fusion-builder-row fusion-row fusion-flex-align-items-flex-start fusion-flex-content-wrap\" style=\"max-width:1248px;margin-left: calc(-4% \/ 2 );margin-right: calc(-4% \/ 2 );\"><div class=\"fusion-layout-column fusion_builder_column fusion-builder-column-1 fusion_builder_column_1_2 1_2 fusion-flex-column\" style=\"--awb-bg-size:cover;--awb-width-large:50%;--awb-margin-top-large:150px;--awb-spacing-right-large:3.84%;--awb-margin-bottom-large:20px;--awb-spacing-left-large:3.84%;--awb-width-medium:50%;--awb-order-medium:0;--awb-spacing-right-medium:3.84%;--awb-spacing-left-medium:3.84%;--awb-width-small:100%;--awb-order-small:0;--awb-spacing-right-small:1.92%;--awb-spacing-left-small:1.92%;\"><div class=\"fusion-column-wrapper fusion-column-has-shadow fusion-flex-justify-content-flex-start fusion-content-layout-column\"><div class=\"fusion-slider-sc\"><div class=\"fusion-flexslider-loading flexslider flexslider-hover-type-none\" data-slideshow_autoplay=\"1\" data-slideshow_smooth_height=\"0\" data-slideshow_speed=\"7000\" style=\"max-width:100%;height:100%;\"><ul class=\"slides\"><li class=\"image\"><span class=\"fusion-image-hover-element hover-type-none\"><img decoding=\"async\" src=\"https:\/\/stage.vulcanolindenhof.de\/wp-content\/uploads\/2024\/02\/Ostern-Blumen.png\" width=\"1748\" height=\"1240\" class=\"wp-image-9114\" srcset=\"https:\/\/stage.vulcanolindenhof.de\/wp-content\/uploads\/2024\/02\/Ostern-Blumen-200x142.png 200w, https:\/\/stage.vulcanolindenhof.de\/wp-content\/uploads\/2024\/02\/Ostern-Blumen-400x284.png 400w, https:\/\/stage.vulcanolindenhof.de\/wp-content\/uploads\/2024\/02\/Ostern-Blumen-600x426.png 600w, https:\/\/stage.vulcanolindenhof.de\/wp-content\/uploads\/2024\/02\/Ostern-Blumen-800x568.png 800w, https:\/\/stage.vulcanolindenhof.de\/wp-content\/uploads\/2024\/02\/Ostern-Blumen-1200x851.png 1200w, https:\/\/stage.vulcanolindenhof.de\/wp-content\/uploads\/2024\/02\/Ostern-Blumen.png 1748w\" sizes=\"(max-width: 640px) 100vw, 600px\" \/><\/span><\/li><\/ul><\/div><\/div><\/div><\/div><div class=\"fusion-layout-column fusion_builder_column fusion-builder-column-2 fusion_builder_column_1_2 1_2 fusion-flex-column\" style=\"--awb-padding-top:6px;--awb-padding-left:20px;--awb-bg-size:cover;--awb-width-large:50%;--awb-margin-top-large:0px;--awb-spacing-right-large:3.84%;--awb-margin-bottom-large:20px;--awb-spacing-left-large:3.84%;--awb-width-medium:50%;--awb-order-medium:0;--awb-spacing-right-medium:3.84%;--awb-spacing-left-medium:3.84%;--awb-width-small:100%;--awb-order-small:0;--awb-spacing-right-small:1.92%;--awb-spacing-left-small:1.92%;\"><div class=\"fusion-column-wrapper fusion-column-has-shadow fusion-flex-justify-content-flex-start fusion-content-layout-column\"><div class=\"fusion-text fusion-text-3\" style=\"--awb-margin-left:30px;\"><p style=\"font-family: Roboto;\" data-fusion-font=\"true\" data-fusion-google-font=\"Roboto\" data-fusion-google-variant=\"300\">L&rsquo;offre comprend:<\/p>\n<\/div><div class=\"fusion-text fusion-text-4\"><ul class=\"ul1\">\n<li>4\/3 x sommeil r\u00e9parateur dans votre chambre pr\u00e9f\u00e9r\u00e9e<\/li>\n<li>4\/3 x petit-d\u00e9jeuner buffet. Vous y trouverez du pain de la boulangerie traditionnelle, de la charcuterie, du fromage et du jambon, des \u0153ufs bio, des c\u00e9r\u00e9ales, des confitures et bien d&rsquo;autres d\u00e9lices.<\/li>\n<li>Sac wellness \u00e0 l&rsquo;arriv\u00e9e dans votre chambre avec peignoir, serviette de sauna, serviette et huile pr\u00e9cieuse aux herbes pour votre infusion individuelle dans notre sauna. Tous les jours, acc\u00e8s \u00e0 notre petit SPA avec piscine, bain de vapeur, cabine infrarouge et sauna<\/li>\n<li>Panier de P\u00e2ques \u00e0 l&rsquo;arriv\u00e9e dans votre chambre, rempli d&rsquo;une bouteille de Secco et de d\u00e9lices sal\u00e9s et sucr\u00e9s<\/li>\n<li>4\/3 x ap\u00e9ritif le soir<\/li>\n<li>4\/3 x menu gourmand en 3 plats avec entr\u00e9e | 2 plats principaux au choix | dessert<\/li>\n<li>une magnifique bouteille de vin de Moselle pour la premi\u00e8re soir\u00e9e \u00e0 la maison : comme petit souvenir de vos vacances chez nous\n<\/li>\n<\/ul>\n<\/div><\/div><\/div><\/div><\/div><div class=\"fusion-fullwidth fullwidth-box fusion-builder-row-3 fusion-flex-container has-pattern-background has-mask-background nonhundred-percent-fullwidth non-hundred-percent-height-scrolling\" style=\"--awb-border-radius-top-left:0px;--awb-border-radius-top-right:0px;--awb-border-radius-bottom-right:0px;--awb-border-radius-bottom-left:0px;--awb-flex-wrap:wrap;\" ><div class=\"fusion-builder-row fusion-row fusion-flex-align-items-flex-start fusion-flex-content-wrap\" style=\"max-width:1248px;margin-left: calc(-4% \/ 2 );margin-right: calc(-4% \/ 2 );\"><div class=\"fusion-layout-column fusion_builder_column fusion-builder-column-3 fusion_builder_column_1_1 1_1 fusion-flex-column\" style=\"--awb-bg-size:cover;--awb-width-large:100%;--awb-margin-top-large:0px;--awb-spacing-right-large:1.92%;--awb-margin-bottom-large:20px;--awb-spacing-left-large:1.92%;--awb-width-medium:100%;--awb-order-medium:0;--awb-spacing-right-medium:1.92%;--awb-spacing-left-medium:1.92%;--awb-width-small:100%;--awb-order-small:0;--awb-spacing-right-small:1.92%;--awb-spacing-left-small:1.92%;\"><div class=\"fusion-column-wrapper fusion-column-has-shadow fusion-flex-justify-content-flex-start fusion-content-layout-column\"><div class=\"fusion-text fusion-text-5\"><p style=\"text-align: center;\"> <span style=\"background-color: rgba(255, 255, 255, 0); color: var(--body_typography-color); font-family: var(--body_typography-font-family); font-style: var(--body_typography-font-style,normal); font-weight: var(--body_typography-font-weight); letter-spacing: var(--body_typography-letter-spacing); font-size: 22px;\" data-fusion-font=\"true\"><b style=\"background-color: rgba(255, 255, 255, 0); color: var(--body_typography-color); font-family: var(--body_typography-font-family); font-style: var(--body_typography-font-style,normal); letter-spacing: var(--body_typography-letter-spacing); font-size: 22px;\" data-fusion-font=\"true\">Cat\u00e9gorie FRESH: <\/b><\/span><span style=\"background-color: rgba(255, 255, 255, 0); color: var(--body_typography-color); font-family: var(--body_typography-font-family); font-style: var(--body_typography-font-style,normal); font-weight: var(--body_typography-font-weight); letter-spacing: var(--body_typography-letter-spacing); font-size: 22px;\" data-fusion-font=\"true\"><b style=\"background-color: rgba(255, 255, 255, 0); color: var(--body_typography-color); font-family: var(--body_typography-font-family); font-style: var(--body_typography-font-style,normal); letter-spacing: var(--body_typography-letter-spacing); font-size: 22px;\" data-fusion-font=\"true\">4 nuits: 619,00 par personne | 3 N\u00e4chte: 486,00 par personne <\/b><\/span><\/p>\n<p style=\"text-align: center;\"><span style=\"background-color: rgba(255, 255, 255, 0); color: var(--body_typography-color); font-family: var(--body_typography-font-family); font-style: var(--body_typography-font-style,normal); font-weight: var(--body_typography-font-weight); letter-spacing: var(--body_typography-letter-spacing); font-size: 22px;\" data-fusion-font=\"true\"><b style=\"background-color: rgba(255, 255, 255, 0); color: var(--body_typography-color); font-family: var(--body_typography-font-family); font-style: var(--body_typography-font-style,normal); letter-spacing: var(--body_typography-letter-spacing); font-size: 22px;\" data-fusion-font=\"true\">Cat\u00e9gorie LOFT: 4 nuits: 659,00 par personne | 3 nuits: 517,00 par personne<\/b><\/span><\/p>\n<\/div><\/div><\/div><\/div><\/div><div class=\"fusion-fullwidth fullwidth-box fusion-builder-row-4 fusion-flex-container nonhundred-percent-fullwidth non-hundred-percent-height-scrolling\" style=\"--awb-border-radius-top-left:0px;--awb-border-radius-top-right:0px;--awb-border-radius-bottom-right:0px;--awb-border-radius-bottom-left:0px;--awb-margin-bottom:45px;--awb-flex-wrap:wrap;\" ><div class=\"fusion-builder-row fusion-row fusion-flex-align-items-flex-start fusion-flex-content-wrap\" style=\"max-width:1248px;margin-left: calc(-4% \/ 2 );margin-right: calc(-4% \/ 2 );\"><div class=\"fusion-layout-column fusion_builder_column fusion-builder-column-4 fusion_builder_column_1_1 1_1 fusion-flex-column\" style=\"--awb-bg-size:cover;--awb-width-large:100%;--awb-margin-top-large:0px;--awb-spacing-right-large:1.92%;--awb-margin-bottom-large:20px;--awb-spacing-left-large:1.92%;--awb-width-medium:100%;--awb-order-medium:0;--awb-spacing-right-medium:1.92%;--awb-spacing-left-medium:1.92%;--awb-width-small:100%;--awb-order-small:0;--awb-spacing-right-small:1.92%;--awb-spacing-left-small:1.92%;\"><div class=\"fusion-column-wrapper fusion-column-has-shadow fusion-flex-justify-content-flex-start fusion-content-layout-column\"><div style=\"text-align:center;\"><a class=\"fusion-button button-flat fusion-button-default-size button-custom fusion-button-default button-1 fusion-button-default-span fusion-button-default-type\" style=\"--button_accent_color:#ffffff;--button_border_color:#ac6537;--button_accent_hover_color:#ac6537;--button_border_hover_color:#ac6537;--button_border_width-top:2px;--button_border_width-right:2px;--button_border_width-bottom:2px;--button_border_width-left:2px;--button-border-radius-top-left:1px;--button-border-radius-top-right:1px;--button-border-radius-bottom-right:1px;--button-border-radius-bottom-left:1px;--button_gradient_top_color:#ac6537;--button_gradient_bottom_color:#ac6537;--button_gradient_top_color_hover:#ffffff;--button_gradient_bottom_color_hover:#ffffff;--button_text_transform:none;\" target=\"_self\" href=\"https:\/\/stage.vulcanolindenhof.de\/anfragen-arrangement\/\"><span class=\"fusion-button-text awb-button__text awb-button__text--default\">FORMULAIRE DE CONTACT<\/span><\/a><\/div><\/div><\/div><\/div><\/div><\/p>\n","protected":false},"excerpt":{"rendered":"","protected":false},"author":1,"featured_media":0,"parent":0,"menu_order":0,"comment_status":"closed","ping_status":"closed","template":"100-width.php","meta":{"footnotes":""},"class_list":["post-7657","page","type-page","status-publish","hentry"],"yoast_head":"<!-- This site is optimized with the Yoast SEO plugin v27.4 - https:\/\/yoast.com\/product\/yoast-seo-wordpress\/ -->\n<title>P\u00c2QUES \u00c0 VULCANO LINDENHOF - Vulcano Lindenhof | Wittlich<\/title>\n<meta name=\"robots\" content=\"noindex, follow, max-snippet:-1, max-image-preview:large, max-video-preview:-1\" \/>\n<meta property=\"og:locale\" content=\"fr_FR\" \/>\n<meta property=\"og:type\" content=\"article\" \/>\n<meta property=\"og:title\" content=\"P\u00c2QUES \u00c0 VULCANO LINDENHOF - Vulcano Lindenhof | Wittlich\" \/>\n<meta property=\"og:url\" content=\"https:\/\/stage.vulcanolindenhof.de\/fr\/paques-a-vulcano-lindenhof\/\" \/>\n<meta property=\"og:site_name\" content=\"Vulcano Lindenhof | Wittlich\" \/>\n<meta property=\"article:modified_time\" content=\"2024-02-28T07:48:19+00:00\" \/>\n<meta name=\"twitter:card\" content=\"summary_large_image\" \/>\n<meta name=\"twitter:label1\" content=\"Dur\u00e9e de lecture estim\u00e9e\" \/>\n\t<meta name=\"twitter:data1\" content=\"11 minutes\" \/>\n<script type=\"application\/ld+json\" class=\"yoast-schema-graph\">{\"@context\":\"https:\\\/\\\/schema.org\",\"@graph\":[{\"@type\":\"WebPage\",\"@id\":\"https:\\\/\\\/stage.vulcanolindenhof.de\\\/fr\\\/paques-a-vulcano-lindenhof\\\/\",\"url\":\"https:\\\/\\\/stage.vulcanolindenhof.de\\\/fr\\\/paques-a-vulcano-lindenhof\\\/\",\"name\":\"P\u00c2QUES \u00c0 VULCANO LINDENHOF - Vulcano Lindenhof | Wittlich\",\"isPartOf\":{\"@id\":\"https:\\\/\\\/stage.vulcanolindenhof.de\\\/#website\"},\"datePublished\":\"2022-03-09T09:27:42+00:00\",\"dateModified\":\"2024-02-28T07:48:19+00:00\",\"breadcrumb\":{\"@id\":\"https:\\\/\\\/stage.vulcanolindenhof.de\\\/fr\\\/paques-a-vulcano-lindenhof\\\/#breadcrumb\"},\"inLanguage\":\"fr-FR\",\"potentialAction\":[{\"@type\":\"ReadAction\",\"target\":[\"https:\\\/\\\/stage.vulcanolindenhof.de\\\/fr\\\/paques-a-vulcano-lindenhof\\\/\"]}]},{\"@type\":\"BreadcrumbList\",\"@id\":\"https:\\\/\\\/stage.vulcanolindenhof.de\\\/fr\\\/paques-a-vulcano-lindenhof\\\/#breadcrumb\",\"itemListElement\":[{\"@type\":\"ListItem\",\"position\":1,\"name\":\"Startseite\",\"item\":\"https:\\\/\\\/stage.vulcanolindenhof.de\\\/fr\\\/page-daccueil\\\/\"},{\"@type\":\"ListItem\",\"position\":2,\"name\":\"P\u00c2QUES \u00c0 VULCANO LINDENHOF\"}]},{\"@type\":\"WebSite\",\"@id\":\"https:\\\/\\\/stage.vulcanolindenhof.de\\\/#website\",\"url\":\"https:\\\/\\\/stage.vulcanolindenhof.de\\\/\",\"name\":\"Vulcano Lindenhof | Wittlich\",\"description\":\"Gesundheit \\\/ Wellness \\\/ Wohlbefinden\",\"potentialAction\":[{\"@type\":\"SearchAction\",\"target\":{\"@type\":\"EntryPoint\",\"urlTemplate\":\"https:\\\/\\\/stage.vulcanolindenhof.de\\\/?s={search_term_string}\"},\"query-input\":{\"@type\":\"PropertyValueSpecification\",\"valueRequired\":true,\"valueName\":\"search_term_string\"}}],\"inLanguage\":\"fr-FR\"}]}<\/script>\n<!-- \/ Yoast SEO plugin. -->","yoast_head_json":{"title":"P\u00c2QUES \u00c0 VULCANO LINDENHOF - Vulcano Lindenhof | Wittlich","robots":{"index":"noindex","follow":"follow","max-snippet":"max-snippet:-1","max-image-preview":"max-image-preview:large","max-video-preview":"max-video-preview:-1"},"og_locale":"fr_FR","og_type":"article","og_title":"P\u00c2QUES \u00c0 VULCANO LINDENHOF - Vulcano Lindenhof | Wittlich","og_url":"https:\/\/stage.vulcanolindenhof.de\/fr\/paques-a-vulcano-lindenhof\/","og_site_name":"Vulcano Lindenhof | Wittlich","article_modified_time":"2024-02-28T07:48:19+00:00","twitter_card":"summary_large_image","twitter_misc":{"Dur\u00e9e de lecture estim\u00e9e":"11 minutes"},"schema":{"@context":"https:\/\/schema.org","@graph":[{"@type":"WebPage","@id":"https:\/\/stage.vulcanolindenhof.de\/fr\/paques-a-vulcano-lindenhof\/","url":"https:\/\/stage.vulcanolindenhof.de\/fr\/paques-a-vulcano-lindenhof\/","name":"P\u00c2QUES \u00c0 VULCANO LINDENHOF - Vulcano Lindenhof | Wittlich","isPartOf":{"@id":"https:\/\/stage.vulcanolindenhof.de\/#website"},"datePublished":"2022-03-09T09:27:42+00:00","dateModified":"2024-02-28T07:48:19+00:00","breadcrumb":{"@id":"https:\/\/stage.vulcanolindenhof.de\/fr\/paques-a-vulcano-lindenhof\/#breadcrumb"},"inLanguage":"fr-FR","potentialAction":[{"@type":"ReadAction","target":["https:\/\/stage.vulcanolindenhof.de\/fr\/paques-a-vulcano-lindenhof\/"]}]},{"@type":"BreadcrumbList","@id":"https:\/\/stage.vulcanolindenhof.de\/fr\/paques-a-vulcano-lindenhof\/#breadcrumb","itemListElement":[{"@type":"ListItem","position":1,"name":"Startseite","item":"https:\/\/stage.vulcanolindenhof.de\/fr\/page-daccueil\/"},{"@type":"ListItem","position":2,"name":"P\u00c2QUES \u00c0 VULCANO LINDENHOF"}]},{"@type":"WebSite","@id":"https:\/\/stage.vulcanolindenhof.de\/#website","url":"https:\/\/stage.vulcanolindenhof.de\/","name":"Vulcano Lindenhof | Wittlich","description":"Gesundheit \/ Wellness \/ Wohlbefinden","potentialAction":[{"@type":"SearchAction","target":{"@type":"EntryPoint","urlTemplate":"https:\/\/stage.vulcanolindenhof.de\/?s={search_term_string}"},"query-input":{"@type":"PropertyValueSpecification","valueRequired":true,"valueName":"search_term_string"}}],"inLanguage":"fr-FR"}]}},"_links":{"self":[{"href":"https:\/\/stage.vulcanolindenhof.de\/fr\/wp-json\/wp\/v2\/pages\/7657","targetHints":{"allow":["GET"]}}],"collection":[{"href":"https:\/\/stage.vulcanolindenhof.de\/fr\/wp-json\/wp\/v2\/pages"}],"about":[{"href":"https:\/\/stage.vulcanolindenhof.de\/fr\/wp-json\/wp\/v2\/types\/page"}],"author":[{"embeddable":true,"href":"https:\/\/stage.vulcanolindenhof.de\/fr\/wp-json\/wp\/v2\/users\/1"}],"replies":[{"embeddable":true,"href":"https:\/\/stage.vulcanolindenhof.de\/fr\/wp-json\/wp\/v2\/comments?post=7657"}],"version-history":[{"count":5,"href":"https:\/\/stage.vulcanolindenhof.de\/fr\/wp-json\/wp\/v2\/pages\/7657\/revisions"}],"predecessor-version":[{"id":9207,"href":"https:\/\/stage.vulcanolindenhof.de\/fr\/wp-json\/wp\/v2\/pages\/7657\/revisions\/9207"}],"wp:attachment":[{"href":"https:\/\/stage.vulcanolindenhof.de\/fr\/wp-json\/wp\/v2\/media?parent=7657"}],"curies":[{"name":"wp","href":"https:\/\/api.w.org\/{rel}","templated":true}]}}